{"id":41,"date":"2024-10-02T10:25:22","date_gmt":"2024-10-02T03:25:22","guid":{"rendered":"https:\/\/kimlongmold.com\/?page_id=41"},"modified":"2025-02-22T16:11:54","modified_gmt":"2025-02-22T09:11:54","slug":"gioi-thieu","status":"publish","type":"page","link":"https:\/\/kimlongmold.com\/en\/gioi-thieu\/","title":{"rendered":"Introduction"},"content":{"rendered":"<div data-elementor-type=\"wp-page\" data-elementor-id=\"41\" class=\"elementor elementor-41\" data-elementor-post-type=\"page\">\n\t\t\t\t<div class=\"elementor-element elementor-element-878ba9a e-con-full e-flex e-con e-parent\" data-id=\"878ba9a\" data-element_type=\"container\" data-e-type=\"container\" data-settings=\"{&quot;background_background&quot;:&quot;classic&quot;}\">\n\t\t\t\t<div class=\"elementor-element elementor-element-e9e649e elementor-widget elementor-widget-heading\" data-id=\"e9e649e\" data-element_type=\"widget\" data-e-type=\"widget\" data-widget_type=\"heading.default\">\n\t\t\t\t<div class=\"elementor-widget-container\">\n\t\t\t\t\t<h2 class=\"elementor-heading-title elementor-size-default\">Introduction<\/h2>\t\t\t\t<\/div>\n\t\t\t\t<\/div>\n\t\t\t\t<div class=\"elementor-element elementor-element-7f27c62 elementor-widget elementor-widget-woocommerce-breadcrumb\" data-id=\"7f27c62\" data-element_type=\"widget\" data-e-type=\"widget\" data-widget_type=\"woocommerce-breadcrumb.default\">\n\t\t\t\t<div class=\"elementor-widget-container\">\n\t\t\t\t\t<nav class=\"woocommerce-breadcrumb\" aria-label=\"Breadcrumb\" data-no-translation=\"\" data-trp-gettext=\"\">Home<\/nav>\t\t\t\t<\/div>\n\t\t\t\t<\/div>\n\t\t\t\t<\/div>\n\t\t<div class=\"elementor-element elementor-element-5af65d2 e-con-full e-flex e-con e-parent\" data-id=\"5af65d2\" data-element_type=\"container\" data-e-type=\"container\">\n\t\t<div class=\"elementor-element elementor-element-353150c e-flex e-con-boxed e-con e-child\" data-id=\"353150c\" data-element_type=\"container\" data-e-type=\"container\">\n\t\t\t\t\t<div class=\"e-con-inner\">\n\t\t<div class=\"elementor-element elementor-element-bac5068 e-con-full e-flex e-con e-child\" data-id=\"bac5068\" data-element_type=\"container\" data-e-type=\"container\">\n\t\t<div class=\"elementor-element elementor-element-1a158ff e-con-full e-flex elementor-invisible e-con e-child\" data-id=\"1a158ff\" data-element_type=\"container\" data-e-type=\"container\" data-settings=\"{&quot;animation&quot;:&quot;fadeInLeft&quot;}\">\n\t\t\t\t<div class=\"elementor-element elementor-element-6e134bc elementor-widget elementor-widget-image\" data-id=\"6e134bc\" data-element_type=\"widget\" data-e-type=\"widget\" data-widget_type=\"image.default\">\n\t\t\t\t<div class=\"elementor-widget-container\">\n\t\t\t\t\t\t\t\t\t\t\t\t<figure class=\"wp-caption\">\n\t\t\t\t\t\t\t\t\t\t<img fetchpriority=\"high\" decoding=\"async\" width=\"2560\" height=\"1706\" src=\"https:\/\/kimlongmold.com\/wp-content\/uploads\/2025\/02\/to-may.jpg\" class=\"elementor-animation-grow attachment-full size-full wp-image-2498\" alt=\"\" srcset=\"https:\/\/kimlongmold.com\/wp-content\/uploads\/2025\/02\/to-may.jpg 2560w, https:\/\/kimlongmold.com\/wp-content\/uploads\/2025\/02\/to-may-300x200.jpg 300w, https:\/\/kimlongmold.com\/wp-content\/uploads\/2025\/02\/to-may-1024x682.jpg 1024w, https:\/\/kimlongmold.com\/wp-content\/uploads\/2025\/02\/to-may-768x512.jpg 768w, https:\/\/kimlongmold.com\/wp-content\/uploads\/2025\/02\/to-may-1536x1024.jpg 1536w, https:\/\/kimlongmold.com\/wp-content\/uploads\/2025\/02\/to-may-2048x1365.jpg 2048w, https:\/\/kimlongmold.com\/wp-content\/uploads\/2025\/02\/to-may-18x12.jpg 18w, https:\/\/kimlongmold.com\/wp-content\/uploads\/2025\/02\/to-may-600x400.jpg 600w\" sizes=\"(max-width: 2560px) 100vw, 2560px\" \/>\t\t\t\t\t\t\t\t\t\t\t<figcaption class=\"widget-image-caption wp-caption-text\">T\u1ed5 l\u1eafp r\u00e1p v\u00e0 ch\u1ebf t\u1ea1o M\u00e1y c\u00f4ng nghi\u1ec7p<\/figcaption>\n\t\t\t\t\t\t\t\t\t\t<\/figure>\n\t\t\t\t\t\t\t\t\t<\/div>\n\t\t\t\t<\/div>\n\t\t\t\t<\/div>\n\t\t<div class=\"elementor-element elementor-element-1151623 e-con-full e-flex elementor-invisible e-con e-child\" data-id=\"1151623\" data-element_type=\"container\" data-e-type=\"container\" data-settings=\"{&quot;animation&quot;:&quot;fadeInRight&quot;}\">\n\t\t\t\t<div class=\"elementor-element elementor-element-705365e elementor-widget elementor-widget-text-editor\" data-id=\"705365e\" data-element_type=\"widget\" data-e-type=\"widget\" data-widget_type=\"text-editor.default\">\n\t\t\t\t<div class=\"elementor-widget-container\">\n\t\t\t\t\t\t\t\t\t<h4 data-start=\"99\" data-end=\"169\"><strong data-start=\"103\" data-end=\"167\">GI\u1edaI THI\u1ec6U V\u1ec0 C\u00d4NG TY<\/strong><\/h4><p><b>T\u00ean \u0111\u1ea7y \u0111\u1ee7:<\/b> C\u00f4ng ty TNHH S\u1ea3n xu\u1ea5t &amp; D\u1ecbch v\u1ee5 Th\u01b0\u01a1ng m\u1ea1i Kim Long<\/p><p><b>Address:<\/b> L\u00f4 A2 CN5, C\u1ee5m CN T\u1eeb Li\u00eam, Nam T\u1eeb Li\u00eam, H\u00e0 N\u1ed9i<\/p><p><b>S\u0110T (Kinh doanh):<\/b> 056.455.8888 (M\u1ea1nh) &#8211; <b>Email:<\/b> tmanh.kimlong@gmail.com<\/p><p data-start=\"171\" data-end=\"421\">V\u1edbi h\u01a1n <strong data-start=\"179\" data-end=\"201\">20 n\u0103m kinh nghi\u1ec7m<\/strong> trong l\u0129nh v\u1ef1c <strong data-start=\"217\" data-end=\"237\">c\u01a1 kh\u00ed ch\u00ednh x\u00e1c<\/strong>, <strong data-start=\"239\" data-end=\"292\">C\u00f4ng ty TNHH S\u1ea3n xu\u1ea5t &amp; D\u1ecbch v\u1ee5 Th\u01b0\u01a1ng m\u1ea1i Kim Long<\/strong>\u00a0\u0111\u00e3 kh\u1eb3ng \u0111\u1ecbnh v\u1ecb th\u1ebf l\u00e0 \u0111\u1ed1i t\u00e1c tin c\u1eady c\u1ee7a nhi\u1ec1u doanh nghi\u1ec7p h\u00e0ng \u0111\u1ea7u \u0111\u1ebfn t\u1eeb <strong data-start=\"372\" data-end=\"418\">Nh\u1eadt B\u1ea3n, Trung Qu\u1ed1c, Th\u00e1i Lan v\u00e0 Vi\u1ec7t Nam<\/strong>.<\/p><p data-start=\"423\" data-end=\"809\">Ch\u00fang t\u00f4i s\u1edf h\u1eefu <strong data-start=\"440\" data-end=\"469\">h\u01a1n 30 trung t\u00e2m gia c\u00f4ng<\/strong> ti\u00ean ti\u1ebfn, bao g\u1ed3m nhi\u1ec1u trung t\u00e2m\u00a0<strong data-start=\"493\" data-end=\"514\">gia c\u00f4ng d\u1ecdc Makino<\/strong>, m\u00e1y ti\u1ec7n CNC, m\u00e1y c\u1eaft d\u00e2y v\u00e0 c\u00e1c thi\u1ebft b\u1ecb gia c\u00f4ng hi\u1ec7n \u0111\u1ea1i kh\u00e1c &#8211; t\u1ea5t c\u1ea3 \u0111\u01b0\u1ee3c v\u1eadn h\u00e0nh tr\u00ean di\u1ec7n t\u00edch x\u01b0\u1edfng\u00a0<b>3<\/b><strong data-start=\"593\" data-end=\"604\">.000m\u00b2<\/strong>. \u0110\u1ed9i ng\u0169 <strong data-start=\"614\" data-end=\"634\">60 k\u1ef9 thu\u1eadt vi\u00ean<\/strong> c\u1ee7a ch\u00fang t\u00f4i \u0111\u01b0\u1ee3c \u0111\u00e0o t\u1ea1o b\u00e0i b\u1ea3n theo <strong data-start=\"675\" data-end=\"698\">ti\u00eau chu\u1ea9n ISO 9001<\/strong>, tu\u00e2n th\u1ee7 nghi\u00eam ng\u1eb7t h\u1ec7 th\u1ed1ng<strong> 3S<\/strong>, \u0111\u1ea3m b\u1ea3o ch\u1ea5t l\u01b0\u1ee3ng v\u01b0\u1ee3t tr\u1ed9i v\u00e0 \u0111\u1ed9 ch\u00ednh x\u00e1c cao trong t\u1eebng s\u1ea3n ph\u1ea9m.<\/p>\t\t\t\t\t\t\t\t<\/div>\n\t\t\t\t<\/div>\n\t\t\t\t<\/div>\n\t\t\t\t<\/div>\n\t\t<div class=\"elementor-element elementor-element-859097d e-con-full e-flex e-con e-child\" data-id=\"859097d\" data-element_type=\"container\" data-e-type=\"container\">\n\t\t<div class=\"elementor-element elementor-element-1359dab e-con-full e-flex elementor-invisible e-con e-child\" data-id=\"1359dab\" data-element_type=\"container\" data-e-type=\"container\" data-settings=\"{&quot;animation&quot;:&quot;fadeInLeft&quot;}\">\n\t\t\t\t<div class=\"elementor-element elementor-element-f9207e3 elementor-widget elementor-widget-text-editor\" data-id=\"f9207e3\" data-element_type=\"widget\" data-e-type=\"widget\" data-widget_type=\"text-editor.default\">\n\t\t\t\t<div class=\"elementor-widget-container\">\n\t\t\t\t\t\t\t\t\t<h4 data-sourcepos=\"3:1-3:13\"><strong>TRI\u1ebeT L\u00dd KINH DOANH<\/strong><\/h4><ul><li data-start=\"88\" data-end=\"150\">N\u00e2ng cao uy t\u00edn c\u1ee7a c\u00f4ng ty th\u00f4ng qua ch\u1ea5t l\u01b0\u1ee3ng s\u1ea3n ph\u1ea9m.<\/li><li data-start=\"151\" data-end=\"191\">H\u00e0i h\u00f2a, h\u1ee3p t\u00e1c v\u00e0 c\u00f9ng ph\u00e1t tri\u1ec3n.<\/li><li data-start=\"192\" data-end=\"234\">H\u01b0\u1edbng t\u1edbi m\u1ed9t t\u01b0\u01a1ng lai t\u01b0\u01a1i s\u00e1ng h\u01a1n.<\/li><\/ul><h4><strong>S\u1ee8 M\u1ec6NH<\/strong><\/h4><ul><li>X\u00e2y d\u1ef1ng v\u00e0 ph\u00e1t tri\u1ec3n \u0111\u1ec3 tr\u1edf th\u00e0nh doanh nghi\u1ec7p uy t\u00edn trong l\u0129nh v\u1ef1c s\u1ea3n xu\u1ea5t khu\u00f4n m\u1eabu, thi\u1ebft b\u1ecb ph\u1ee5 tr\u1ee3 v\u00e0 c\u00f4ng nghi\u1ec7p, ph\u1ee5c v\u1ee5 th\u1ecb tr\u01b0\u1eddng trong n\u01b0\u1edbc v\u00e0 qu\u1ed1c t\u1ebf.<\/li><\/ul><h4><strong>GI\u00c1 TR\u1eca C\u1ed0T L\u00d5I<br \/><\/strong><\/h4><ul><li data-start=\"443\" data-end=\"493\">Nh\u00e2n vi\u00ean l\u00e0 t\u00e0i s\u1ea3n qu\u00fd gi\u00e1 nh\u1ea5t c\u1ee7a c\u00f4ng ty.<\/li><li data-start=\"494\" data-end=\"562\">Lu\u00f4n mang \u0111\u1ebfn s\u1ef1 h\u00e0i l\u00f2ng cho kh\u00e1ch h\u00e0ng, kh\u00f4ng ch\u1ec9 l\u00e0 s\u1ea3n ph\u1ea9m.<\/li><li data-start=\"563\" data-end=\"609\">Work culture creates professionalism.<\/li><\/ul>\t\t\t\t\t\t\t\t<\/div>\n\t\t\t\t<\/div>\n\t\t\t\t<\/div>\n\t\t<div class=\"elementor-element elementor-element-c199be8 e-con-full e-flex elementor-invisible e-con e-child\" data-id=\"c199be8\" data-element_type=\"container\" data-e-type=\"container\" data-settings=\"{&quot;animation&quot;:&quot;fadeInRight&quot;}\">\n\t\t\t\t<div class=\"elementor-element elementor-element-9c3cc3a elementor-widget elementor-widget-image\" data-id=\"9c3cc3a\" data-element_type=\"widget\" data-e-type=\"widget\" data-widget_type=\"image.default\">\n\t\t\t\t<div class=\"elementor-widget-container\">\n\t\t\t\t\t\t\t\t\t\t\t\t<figure class=\"wp-caption\">\n\t\t\t\t\t\t\t\t\t\t<img decoding=\"async\" width=\"1200\" height=\"676\" src=\"https:\/\/kimlongmold.com\/wp-content\/uploads\/2025\/02\/Mission-background.jpg\" class=\"attachment-full size-full wp-image-2519\" alt=\"\" srcset=\"https:\/\/kimlongmold.com\/wp-content\/uploads\/2025\/02\/Mission-background.jpg 1200w, https:\/\/kimlongmold.com\/wp-content\/uploads\/2025\/02\/Mission-background-300x169.jpg 300w, https:\/\/kimlongmold.com\/wp-content\/uploads\/2025\/02\/Mission-background-1024x577.jpg 1024w, https:\/\/kimlongmold.com\/wp-content\/uploads\/2025\/02\/Mission-background-768x433.jpg 768w, https:\/\/kimlongmold.com\/wp-content\/uploads\/2025\/02\/Mission-background-18x10.jpg 18w, https:\/\/kimlongmold.com\/wp-content\/uploads\/2025\/02\/Mission-background-600x338.jpg 600w\" sizes=\"(max-width: 1200px) 100vw, 1200px\" \/>\t\t\t\t\t\t\t\t\t\t\t<figcaption class=\"widget-image-caption wp-caption-text\"><\/figcaption>\n\t\t\t\t\t\t\t\t\t\t<\/figure>\n\t\t\t\t\t\t\t\t\t<\/div>\n\t\t\t\t<\/div>\n\t\t\t\t<\/div>\n\t\t\t\t<\/div>\n\t\t<div class=\"elementor-element elementor-element-431c7f5 e-con-full e-flex e-con e-child\" data-id=\"431c7f5\" data-element_type=\"container\" data-e-type=\"container\">\n\t\t<div class=\"elementor-element elementor-element-0182612 e-con-full e-flex elementor-invisible e-con e-child\" data-id=\"0182612\" data-element_type=\"container\" data-e-type=\"container\" data-settings=\"{&quot;animation&quot;:&quot;fadeInLeft&quot;}\">\n\t\t\t\t<div class=\"elementor-element elementor-element-c3515b0 elementor-widget elementor-widget-text-editor\" data-id=\"c3515b0\" data-element_type=\"widget\" data-e-type=\"widget\" data-widget_type=\"text-editor.default\">\n\t\t\t\t<div class=\"elementor-widget-container\">\n\t\t\t\t\t\t\t\t\t<h4><strong>CH\u1ee8NG CH\u1ec8, CH\u1ee8NG NH\u1eacN<\/strong><\/h4><h6>\u00a0<\/h6><h6><strong>\u00a0 \u00a0 Gi\u1ea5y ch\u1ee9ng nh\u1eadn H\u1ec7 th\u1ed1ng qu\u1ea3n l\u00fd ch\u1ea5t l\u01b0\u1ee3ng<\/strong><\/h6><ul><li data-sourcepos=\"13:1-13:165\">TCVN ISO 9001:2015 \/ ISO 9001:2015<\/li><li data-sourcepos=\"13:1-13:165\">Gi\u1ea5y ch\u1ee9ng nh\u1eadn: HT 3958\/2.23.17<\/li><li data-sourcepos=\"13:1-13:165\">Ng\u00e0y ch\u1ee9ng nh\u1eadn l\u1ea7n \u0111\u1ea7u: 21\/09\/2020<\/li><li data-sourcepos=\"13:1-13:165\">Ng\u00e0y \u0111\u00e1nh gi\u00e1 ch\u1ee9ng nh\u1eadn l\u1ea1i: 09\/10\/2023<\/li><li data-sourcepos=\"13:1-13:165\">Hi\u1ec7u l\u1ef1c c\u1ee7a chu k\u1ef3 ch\u1ee9ng nh\u1eadn g\u1ea7n nh\u1ea5t: 14\/12\/2020 \u0111\u1ebfn 13\/12\/2023<\/li><\/ul><div>\u00a0<\/div><div>\u00a0<\/div><div>\u00a0<\/div><div>\u00a0<\/div><div>\u00a0<\/div><div>\u00a0<\/div><div>\u00a0<\/div><div>\u00a0<\/div><div>\u00a0<\/div><h6><strong>\u00a0 \u00a0 Doanh nh\u00e2n xu\u1ea5t s\u1eafc ti\u00eau bi\u1ec3u<\/strong><\/h6><ul><li data-sourcepos=\"13:1-13:165\">\u0110\u01b0\u1ee3c t\u1eb7ng b\u1edfi C\u00e2u l\u1ea1c b\u1ed9 Doanh nh\u00e2n C\u1ee5m CN T\u1eeb Li\u00eam H\u00e0 N\u1ed9i<\/li><li data-sourcepos=\"13:1-13:165\">K\u1ef7 ni\u1ec7m 15 n\u0103m th\u00e0nh l\u1eadp CLB Doanh nh\u00e2n<\/li><li data-sourcepos=\"13:1-13:165\">D\u00e0nh cho Gi\u00e1m \u0111\u1ed1c c\u00f4ng ty.<\/li><\/ul>\t\t\t\t\t\t\t\t<\/div>\n\t\t\t\t<\/div>\n\t\t\t\t<\/div>\n\t\t<div class=\"elementor-element elementor-element-3d3b5ff e-con-full e-flex elementor-invisible e-con e-child\" data-id=\"3d3b5ff\" data-element_type=\"container\" data-e-type=\"container\" data-settings=\"{&quot;animation&quot;:&quot;fadeInRight&quot;}\">\n\t\t\t\t<div class=\"elementor-element elementor-element-0ef9b7d elementor-widget elementor-widget-image\" data-id=\"0ef9b7d\" data-element_type=\"widget\" data-e-type=\"widget\" data-widget_type=\"image.default\">\n\t\t\t\t<div class=\"elementor-widget-container\">\n\t\t\t\t\t\t\t\t\t\t\t\t\t\t\t<img decoding=\"async\" width=\"1849\" height=\"2560\" src=\"https:\/\/kimlongmold.com\/wp-content\/uploads\/2024\/12\/iso-kim-long-2023-26-1.jpg\" class=\"attachment-full size-full wp-image-1567\" alt=\"\" srcset=\"https:\/\/kimlongmold.com\/wp-content\/uploads\/2024\/12\/iso-kim-long-2023-26-1.jpg 1849w, https:\/\/kimlongmold.com\/wp-content\/uploads\/2024\/12\/iso-kim-long-2023-26-1-217x300.jpg 217w, https:\/\/kimlongmold.com\/wp-content\/uploads\/2024\/12\/iso-kim-long-2023-26-1-740x1024.jpg 740w, https:\/\/kimlongmold.com\/wp-content\/uploads\/2024\/12\/iso-kim-long-2023-26-1-768x1063.jpg 768w, https:\/\/kimlongmold.com\/wp-content\/uploads\/2024\/12\/iso-kim-long-2023-26-1-1109x1536.jpg 1109w, https:\/\/kimlongmold.com\/wp-content\/uploads\/2024\/12\/iso-kim-long-2023-26-1-1479x2048.jpg 1479w, https:\/\/kimlongmold.com\/wp-content\/uploads\/2024\/12\/iso-kim-long-2023-26-1-9x12.jpg 9w, https:\/\/kimlongmold.com\/wp-content\/uploads\/2024\/12\/iso-kim-long-2023-26-1-600x831.jpg 600w\" sizes=\"(max-width: 1849px) 100vw, 1849px\" \/>\t\t\t\t\t\t\t\t\t\t\t\t\t\t\t<\/div>\n\t\t\t\t<\/div>\n\t\t\t\t<div class=\"elementor-element elementor-element-da896da elementor-widget elementor-widget-image\" data-id=\"da896da\" data-element_type=\"widget\" data-e-type=\"widget\" data-widget_type=\"image.default\">\n\t\t\t\t<div class=\"elementor-widget-container\">\n\t\t\t\t\t\t\t\t\t\t\t\t\t\t\t<img loading=\"lazy\" decoding=\"async\" width=\"800\" height=\"520\" src=\"https:\/\/kimlongmold.com\/wp-content\/uploads\/2024\/12\/Chung-nhan-CLB-DN-Ha-Quyet-Thang-1024x665.jpg\" class=\"attachment-large size-large wp-image-1566\" alt=\"\" srcset=\"https:\/\/kimlongmold.com\/wp-content\/uploads\/2024\/12\/Chung-nhan-CLB-DN-Ha-Quyet-Thang-1024x665.jpg 1024w, https:\/\/kimlongmold.com\/wp-content\/uploads\/2024\/12\/Chung-nhan-CLB-DN-Ha-Quyet-Thang-300x195.jpg 300w, https:\/\/kimlongmold.com\/wp-content\/uploads\/2024\/12\/Chung-nhan-CLB-DN-Ha-Quyet-Thang-768x499.jpg 768w, https:\/\/kimlongmold.com\/wp-content\/uploads\/2024\/12\/Chung-nhan-CLB-DN-Ha-Quyet-Thang-1536x997.jpg 1536w, https:\/\/kimlongmold.com\/wp-content\/uploads\/2024\/12\/Chung-nhan-CLB-DN-Ha-Quyet-Thang-18x12.jpg 18w, https:\/\/kimlongmold.com\/wp-content\/uploads\/2024\/12\/Chung-nhan-CLB-DN-Ha-Quyet-Thang-600x390.jpg 600w, https:\/\/kimlongmold.com\/wp-content\/uploads\/2024\/12\/Chung-nhan-CLB-DN-Ha-Quyet-Thang.jpg 1688w\" sizes=\"(max-width: 800px) 100vw, 800px\" \/>\t\t\t\t\t\t\t\t\t\t\t\t\t\t\t<\/div>\n\t\t\t\t<\/div>\n\t\t\t\t<\/div>\n\t\t\t\t<\/div>\n\t\t\t\t\t<\/div>\n\t\t\t\t<\/div>\n\t\t\t\t<\/div>\n\t\t<div class=\"elementor-element elementor-element-8e2d792 e-flex e-con-boxed e-con e-parent\" data-id=\"8e2d792\" data-element_type=\"container\" data-e-type=\"container\">\n\t\t\t\t\t<div class=\"e-con-inner\">\n\t\t<div class=\"elementor-element elementor-element-72db1c6 e-con-full e-flex e-con e-child\" data-id=\"72db1c6\" data-element_type=\"container\" data-e-type=\"container\">\n\t\t\t\t<div class=\"elementor-element elementor-element-392c131 elementor-widget elementor-widget-image\" data-id=\"392c131\" data-element_type=\"widget\" data-e-type=\"widget\" data-widget_type=\"image.default\">\n\t\t\t\t<div class=\"elementor-widget-container\">\n\t\t\t\t\t\t\t\t\t\t\t\t\t\t\t<img loading=\"lazy\" decoding=\"async\" width=\"1200\" height=\"750\" src=\"https:\/\/kimlongmold.com\/wp-content\/uploads\/2025\/02\/business-agreement.jpg\" class=\"attachment-full size-full wp-image-2523\" alt=\"\" srcset=\"https:\/\/kimlongmold.com\/wp-content\/uploads\/2025\/02\/business-agreement.jpg 1200w, https:\/\/kimlongmold.com\/wp-content\/uploads\/2025\/02\/business-agreement-300x188.jpg 300w, https:\/\/kimlongmold.com\/wp-content\/uploads\/2025\/02\/business-agreement-1024x640.jpg 1024w, https:\/\/kimlongmold.com\/wp-content\/uploads\/2025\/02\/business-agreement-768x480.jpg 768w, https:\/\/kimlongmold.com\/wp-content\/uploads\/2025\/02\/business-agreement-18x12.jpg 18w, https:\/\/kimlongmold.com\/wp-content\/uploads\/2025\/02\/business-agreement-600x375.jpg 600w\" sizes=\"(max-width: 1200px) 100vw, 1200px\" \/>\t\t\t\t\t\t\t\t\t\t\t\t\t\t\t<\/div>\n\t\t\t\t<\/div>\n\t\t\t\t<\/div>\n\t\t<div class=\"elementor-element elementor-element-5ef9c14 e-flex e-con-boxed e-con e-child\" data-id=\"5ef9c14\" data-element_type=\"container\" data-e-type=\"container\">\n\t\t\t\t\t<div class=\"e-con-inner\">\n\t\t\t\t<div class=\"elementor-element elementor-element-38e282f elementor-widget elementor-widget-text-editor\" data-id=\"38e282f\" data-element_type=\"widget\" data-e-type=\"widget\" data-widget_type=\"text-editor.default\">\n\t\t\t\t<div class=\"elementor-widget-container\">\n\t\t\t\t\t\t\t\t\t<h4 data-start=\"51\" data-end=\"266\"><strong>CAM K\u1ebeT \u0110\u1ed0I V\u1edaI KH\u00c1CH H\u00c0NG<\/strong><\/h4><p data-start=\"51\" data-end=\"266\">V\u1edbi h\u01a1n 20 n\u0103m kinh nghi\u1ec7m trong l\u0129nh v\u1ef1c gia c\u00f4ng c\u01a1 kh\u00ed ch\u00ednh x\u00e1c v\u00e0 s\u1ea3n xu\u1ea5t khu\u00f4n m\u1eabu, <strong data-start=\"142\" data-end=\"154\">Kim Long<\/strong> cam k\u1ebft mang \u0111\u1ebfn <strong data-start=\"172\" data-end=\"214\">gi\u1ea3i ph\u00e1p t\u1ed1i \u01b0u, ch\u1ea5t l\u01b0\u1ee3ng v\u01b0\u1ee3t tr\u1ed9i<\/strong> nh\u1eb1m \u0111\u00e1p \u1ee9ng m\u1ecdi y\u00eau c\u1ea7u kh\u1eaft khe c\u1ee7a kh\u00e1ch h\u00e0ng.<\/p><p data-start=\"268\" data-end=\"546\">Ch\u00fang t\u00f4i kh\u00f4ng ch\u1ec9 cung c\u1ea5p s\u1ea3n ph\u1ea9m m\u00e0 c\u00f2n \u0111\u1ed3ng h\u00e0nh c\u00f9ng doanh nghi\u1ec7p trong <strong data-start=\"347\" data-end=\"416\">n\u00e2ng cao hi\u1ec7u su\u1ea5t, t\u1ed1i \u01b0u chi ph\u00ed v\u00e0 c\u1ea3i ti\u1ebfn quy tr\u00ecnh s\u1ea3n xu\u1ea5t<\/strong>. H\u1ec7 th\u1ed1ng qu\u1ea3n l\u00fd ch\u1ea5t l\u01b0\u1ee3ng <strong data-start=\"446\" data-end=\"458\">ISO 9001<\/strong> c\u00f9ng ph\u01b0\u01a1ng ph\u00e1p <strong data-start=\"476\" data-end=\"482\">5S<\/strong> \u0111\u1ea3m b\u1ea3o m\u1ed7i s\u1ea3n ph\u1ea9m \u0111\u1ea1t \u0111\u1ed9 ch\u00ednh x\u00e1c cao, b\u1ec1n b\u1ec9 v\u00e0 \u1ed5n \u0111\u1ecbnh.<\/p><h5 data-start=\"548\" data-end=\"576\"><strong data-start=\"552\" data-end=\"574\">Ch\u00fang t\u00f4i cam k\u1ebft:<\/strong><\/h5><p data-start=\"577\" data-end=\"895\">\u2714 <strong data-start=\"579\" data-end=\"602\">Ch\u1ea5t l\u01b0\u1ee3ng h\u00e0ng \u0111\u1ea7u<\/strong> \u2013 Ki\u1ec3m so\u00e1t ch\u1eb7t ch\u1ebd, gia c\u00f4ng ch\u00ednh x\u00e1c t\u1eebng chi ti\u1ebft.<br data-start=\"658\" data-end=\"661\" \/>\u2714 <strong data-start=\"663\" data-end=\"683\">Gi\u1ea3i ph\u00e1p t\u1ed1i \u01b0u<\/strong> \u2013 H\u1ed7 tr\u1ee3 doanh nghi\u1ec7p n\u00e2ng cao hi\u1ec7u qu\u1ea3 s\u1ea3n xu\u1ea5t.<br data-start=\"733\" data-end=\"736\" \/>\u2714 <strong data-start=\"738\" data-end=\"757\">Ti\u1ebfn \u0111\u1ed9 \u0111\u1ea3m b\u1ea3o<\/strong> \u2013 Giao h\u00e0ng \u0111\u00fang h\u1eb9n, \u0111\u00e1p \u1ee9ng nhanh ch\u00f3ng.<br data-start=\"800\" data-end=\"803\" \/>\u2714 <strong data-start=\"805\" data-end=\"824\">D\u1ecbch v\u1ee5 t\u1eadn t\u00e2m<\/strong> \u2013 \u0110\u1ed3ng h\u00e0nh, t\u01b0 v\u1ea5n chuy\u00ean s\u00e2u t\u1eeb \u0111\u1ed9i ng\u0169 k\u1ef9 thu\u1eadt gi\u00e0u kinh nghi\u1ec7m.<\/p><p data-start=\"897\" data-end=\"1099\" data-is-last-node=\"\" data-is-only-node=\"\">T\u1ea1i Kim Long, <strong data-start=\"911\" data-end=\"961\">s\u1ef1 h\u00e0i l\u00f2ng c\u1ee7a kh\u00e1ch h\u00e0ng l\u00e0 \u01b0u ti\u00ean h\u00e0ng \u0111\u1ea7u<\/strong>. Ch\u00fang t\u00f4i kh\u00f4ng ng\u1eebng \u0111\u1ed5i m\u1edbi, n\u00e2ng c\u1ea5p c\u01a1 s\u1edf v\u1eadt ch\u1ea5t v\u00e0 n\u00e2ng cao n\u0103ng l\u1ef1c \u0111\u1ec3 mang \u0111\u1ebfn nh\u1eefng gi\u1ea3i ph\u00e1p c\u01a1 kh\u00ed ch\u00ednh x\u00e1c, g\u00f3p ph\u1ea7n v\u00e0o s\u1ef1 th\u00e0nh c\u00f4ng c\u1ee7a \u0111\u1ed1i t\u00e1c.<\/p>\t\t\t\t\t\t\t\t<\/div>\n\t\t\t\t<\/div>\n\t\t\t\t\t<\/div>\n\t\t\t\t<\/div>\n\t\t\t\t\t<\/div>\n\t\t\t\t<\/div>\n\t\t\t\t<\/div>","protected":false},"excerpt":{"rendered":"<p>T\u1ed5 l\u1eafp r\u00e1p v\u00e0 ch\u1ebf t\u1ea1o M\u00e1y c\u00f4ng nghi\u1ec7p GI\u1edaI THI\u1ec6U V\u1ec0 C\u00d4NG TY T\u00ean \u0111\u1ea7y \u0111\u1ee7: C\u00f4ng ty TNHH S\u1ea3n xu\u1ea5t &amp; D\u1ecbch v\u1ee5 Th\u01b0\u01a1ng m\u1ea1i Kim Long \u0110\u1ecba ch\u1ec9: L\u00f4 A2 CN5, C\u1ee5m CN T\u1eeb Li\u00eam, Nam T\u1eeb Li\u00eam, H\u00e0 N\u1ed9i S\u0110T (Kinh doanh): 056.455.8888 (M\u1ea1nh) &#8211; Email: tmanh.kimlong@gmail.com V\u1edbi h\u01a1n 20 n\u0103m [&hellip;]<\/p>","protected":false},"author":1,"featured_media":0,"parent":0,"menu_order":0,"comment_status":"closed","ping_status":"closed","template":"","meta":{"footnotes":""},"class_list":["post-41","page","type-page","status-publish","hentry"],"_links":{"self":[{"href":"https:\/\/kimlongmold.com\/en\/wp-json\/wp\/v2\/pages\/41","targetHints":{"allow":["GET"]}}],"collection":[{"href":"https:\/\/kimlongmold.com\/en\/wp-json\/wp\/v2\/pages"}],"about":[{"href":"https:\/\/kimlongmold.com\/en\/wp-json\/wp\/v2\/types\/page"}],"author":[{"embeddable":true,"href":"https:\/\/kimlongmold.com\/en\/wp-json\/wp\/v2\/users\/1"}],"replies":[{"embeddable":true,"href":"https:\/\/kimlongmold.com\/en\/wp-json\/wp\/v2\/comments?post=41"}],"version-history":[{"count":323,"href":"https:\/\/kimlongmold.com\/en\/wp-json\/wp\/v2\/pages\/41\/revisions"}],"predecessor-version":[{"id":2526,"href":"https:\/\/kimlongmold.com\/en\/wp-json\/wp\/v2\/pages\/41\/revisions\/2526"}],"wp:attachment":[{"href":"https:\/\/kimlongmold.com\/en\/wp-json\/wp\/v2\/media?parent=41"}],"curies":[{"name":"wp","href":"https:\/\/api.w.org\/{rel}","templated":true}]}}