{"id":43,"date":"2024-10-02T10:25:33","date_gmt":"2024-10-02T03:25:33","guid":{"rendered":"https:\/\/kimlongmold.com\/?page_id=43"},"modified":"2024-12-20T11:44:45","modified_gmt":"2024-12-20T04:44:45","slug":"nhan-su","status":"publish","type":"page","link":"https:\/\/kimlongmold.com\/en\/nhan-su\/","title":{"rendered":"HR"},"content":{"rendered":"<div data-elementor-type=\"wp-page\" data-elementor-id=\"43\" class=\"elementor elementor-43\" data-elementor-post-type=\"page\">\n\t\t\t\t<div class=\"elementor-element elementor-element-34a50c5 e-con-full e-flex e-con e-parent\" data-id=\"34a50c5\" data-element_type=\"container\" data-e-type=\"container\" data-settings=\"{&quot;background_background&quot;:&quot;classic&quot;}\">\n\t\t\t\t<div class=\"elementor-element elementor-element-f7d6fb1 elementor-widget elementor-widget-heading\" data-id=\"f7d6fb1\" data-element_type=\"widget\" data-e-type=\"widget\" data-widget_type=\"heading.default\">\n\t\t\t\t<div class=\"elementor-widget-container\">\n\t\t\t\t\t<h2 class=\"elementor-heading-title elementor-size-default\">HR<\/h2>\t\t\t\t<\/div>\n\t\t\t\t<\/div>\n\t\t\t\t<div class=\"elementor-element elementor-element-9dbbaf2 elementor-widget elementor-widget-woocommerce-breadcrumb\" data-id=\"9dbbaf2\" data-element_type=\"widget\" data-e-type=\"widget\" data-widget_type=\"woocommerce-breadcrumb.default\">\n\t\t\t\t<div class=\"elementor-widget-container\">\n\t\t\t\t\t<nav class=\"woocommerce-breadcrumb\" aria-label=\"Breadcrumb\" data-no-translation=\"\" data-trp-gettext=\"\">Home<\/nav>\t\t\t\t<\/div>\n\t\t\t\t<\/div>\n\t\t\t\t<\/div>\n\t\t<div class=\"elementor-element elementor-element-009514e e-con-full e-flex e-con e-parent\" data-id=\"009514e\" data-element_type=\"container\" data-e-type=\"container\">\n\t\t<div class=\"elementor-element elementor-element-3b24d0c e-flex e-con-boxed elementor-invisible e-con e-child\" data-id=\"3b24d0c\" data-element_type=\"container\" data-e-type=\"container\" data-settings=\"{&quot;animation&quot;:&quot;fadeInUp&quot;}\">\n\t\t\t\t\t<div class=\"e-con-inner\">\n\t\t\t\t<div class=\"elementor-element elementor-element-c98f6a0 elementor-widget elementor-widget-text-editor\" data-id=\"c98f6a0\" data-element_type=\"widget\" data-e-type=\"widget\" data-widget_type=\"text-editor.default\">\n\t\t\t\t<div class=\"elementor-widget-container\">\n\t\t\t\t\t\t\t\t\t<p class=\"translation-block\">\u25b8 Our most valuable asset is our people. Kim Long Manufacturing and Trading Services Company Limited is proud to have a team of highly skilled engineers, technicians, and workers.<\/p>\t\t\t\t\t\t\t\t<\/div>\n\t\t\t\t<\/div>\n\t\t\t\t\t<\/div>\n\t\t\t\t<\/div>\n\t\t<div class=\"elementor-element elementor-element-cbd7e1e e-flex e-con-boxed elementor-invisible e-con e-child\" data-id=\"cbd7e1e\" data-element_type=\"container\" data-e-type=\"container\" data-settings=\"{&quot;animation&quot;:&quot;fadeInUp&quot;}\">\n\t\t\t\t\t<div class=\"e-con-inner\">\n\t\t\t\t<div class=\"elementor-element elementor-element-7119f6b elementor-widget elementor-widget-heading\" data-id=\"7119f6b\" data-element_type=\"widget\" data-e-type=\"widget\" data-widget_type=\"heading.default\">\n\t\t\t\t<div class=\"elementor-widget-container\">\n\t\t\t\t\t<h2 class=\"elementor-heading-title elementor-size-default\">\u0110\u1ed9i ng\u0169 nh\u00e2n s\u1ef1<\/h2>\t\t\t\t<\/div>\n\t\t\t\t<\/div>\n\t\t\t\t<div class=\"elementor-element elementor-element-93e386c elementor-widget elementor-widget-heading\" data-id=\"93e386c\" data-element_type=\"widget\" data-e-type=\"widget\" data-widget_type=\"heading.default\">\n\t\t\t\t<div class=\"elementor-widget-container\">\n\t\t\t\t\t<h2 class=\"elementor-heading-title elementor-size-default\">Ng\u00e0y c\u1eadp nh\u1eadt: 20\/12\/2024<\/h2>\t\t\t\t<\/div>\n\t\t\t\t<\/div>\n\t\t\t\t<div class=\"elementor-element elementor-element-6232199 elementor-widget elementor-widget-text-editor\" data-id=\"6232199\" data-element_type=\"widget\" data-e-type=\"widget\" data-widget_type=\"text-editor.default\">\n\t\t\t\t<div class=\"elementor-widget-container\">\n\t\t\t\t\t\t\t\t\t<p><strong>Kim Long Manufacturing and Trading Services Company Limited<\/strong> lu\u00f4n coi ngu\u1ed3n nh\u00e2n l\u1ef1c l\u00e0 t\u00e0i s\u1ea3n qu\u00fd gi\u00e1 nh\u1ea5t v\u00e0 l\u00e0 ch\u00eca kh\u00f3a cho s\u1ef1 th\u00e0nh c\u00f4ng v\u00e0 ph\u00e1t tri\u1ec3n trong t\u01b0\u01a1ng lai c\u1ee7a to\u00e0n c\u00f4ng ty. L\u1ef1c l\u01b0\u1ee3ng lao \u0111\u1ed9ng c\u1ee7a <strong>Kim Long<\/strong> hi\u1ec7n g\u1ed3m kho\u1ea3ng g\u1ea7n 150 nh\u00e2n vi\u00ean trong \u0111\u00f3 c\u00f3 c\u00e1c chuy\u00ean gia, k\u1ef9 s\u01b0 c\u00f3 tr\u00ecnh \u0111\u1ed9 cao, chuy\u00ean nghi\u1ec7p, gi\u00e0u kinh nghi\u1ec7m, gi\u1ecfi tay ngh\u1ec1, c\u1ea7n c\u00f9, s\u00e1ng t\u1ea1o \u1edf nhi\u1ec1u chuy\u00ean ng\u00e0nh.<\/p><p><strong>Kim Long<\/strong> c\u0169ng r\u1ea5t t\u1ef1 h\u00e0o v\u1ec1 \u0111\u1ed9i ng\u0169 qu\u1ea3n l\u00fd v\u00e0 s\u1ef1 l\u00e3nh \u0111\u1ea1o s\u00e1ng su\u1ed1t. L\u00e0 s\u1ef1 h\u00f2a h\u1ee3p gi\u1eefa kinh nghi\u1ec7m d\u00e0y d\u1ea1n, t\u00e0i n\u0103ng, s\u1ee9c c\u1ed1ng hi\u1ebfn v\u00e0 chuy\u00ean m\u00f4n s\u00e2u trong c\u00e1c s\u1ea3n xu\u1ea5t, gia c\u00f4ng, \u0111\u1ed9i ng\u0169 qu\u1ea3n l\u00fd \u0111\u00e3 d\u1eabn d\u1eaft <strong>Kim Long Manufacturing and Trading Services Company Limited<\/strong> v\u01b0\u1ee3t qua m\u1ecdi th\u00e1ch th\u1ee9c v\u00e0 \u0111\u1ea1t \u0111\u01b0\u1ee3c t\u0103ng tr\u01b0\u1edfng m\u1ea1nh m\u1ebd trong nh\u1eefng n\u0103m v\u1eeba qua.<\/p>\t\t\t\t\t\t\t\t<\/div>\n\t\t\t\t<\/div>\n\t\t\t\t<div class=\"elementor-element elementor-element-291793b elementor-widget elementor-widget-image\" data-id=\"291793b\" data-element_type=\"widget\" data-e-type=\"widget\" data-widget_type=\"image.default\">\n\t\t\t\t<div class=\"elementor-widget-container\">\n\t\t\t\t\t\t\t\t\t\t\t\t<figure class=\"wp-caption\">\n\t\t\t\t\t\t\t\t\t\t<img fetchpriority=\"high\" decoding=\"async\" width=\"800\" height=\"600\" src=\"https:\/\/kimlongmold.com\/wp-content\/uploads\/2024\/12\/Anh-tap-the-2021-se-cap-nhat-2024-sau-1024x768.jpg\" class=\"attachment-large size-large wp-image-1551\" alt=\"\" srcset=\"https:\/\/kimlongmold.com\/wp-content\/uploads\/2024\/12\/Anh-tap-the-2021-se-cap-nhat-2024-sau-1024x768.jpg 1024w, https:\/\/kimlongmold.com\/wp-content\/uploads\/2024\/12\/Anh-tap-the-2021-se-cap-nhat-2024-sau-300x225.jpg 300w, https:\/\/kimlongmold.com\/wp-content\/uploads\/2024\/12\/Anh-tap-the-2021-se-cap-nhat-2024-sau-768x576.jpg 768w, https:\/\/kimlongmold.com\/wp-content\/uploads\/2024\/12\/Anh-tap-the-2021-se-cap-nhat-2024-sau-16x12.jpg 16w, https:\/\/kimlongmold.com\/wp-content\/uploads\/2024\/12\/Anh-tap-the-2021-se-cap-nhat-2024-sau-600x450.jpg 600w, https:\/\/kimlongmold.com\/wp-content\/uploads\/2024\/12\/Anh-tap-the-2021-se-cap-nhat-2024-sau.jpg 1280w\" sizes=\"(max-width: 800px) 100vw, 800px\" \/>\t\t\t\t\t\t\t\t\t\t\t<figcaption class=\"widget-image-caption wp-caption-text\">Kim Long Manufacturing and Trading Services Company Limited<\/figcaption>\n\t\t\t\t\t\t\t\t\t\t<\/figure>\n\t\t\t\t\t\t\t\t\t<\/div>\n\t\t\t\t<\/div>\n\t\t\t\t<div class=\"elementor-element elementor-element-8fff5f8 elementor-widget elementor-widget-text-editor\" data-id=\"8fff5f8\" data-element_type=\"widget\" data-e-type=\"widget\" data-widget_type=\"text-editor.default\">\n\t\t\t\t<div class=\"elementor-widget-container\">\n\t\t\t\t\t\t\t\t\t<p>Ch\u00ednh s\u00e1ch ph\u00fac l\u1ee3i x\u00e3 h\u1ed9i v\u00e0 lao \u0111\u1ed9ng ti\u1ec1n l\u01b0\u01a1ng c\u1ee7a <strong>Kim Long<\/strong> \u0111\u01b0\u1ee3c x\u00e2y d\u1ef1ng theo ph\u01b0\u01a1ng ch\u00e2m nh\u1eb1m bi\u1ebfn ngu\u1ed3n nh\u00e2n l\u1ef1c th\u00e0nh l\u1ee3i th\u1ebf c\u1ea1nh tranh chi\u1ebfn l\u01b0\u1ee3c v\u00e0 \u0111\u00f3ng vai tr\u00f2 quy\u1ebft \u0111\u1ecbnh trong vi\u1ec7c ho\u00e0n th\u00e0nh c\u00e1c m\u1ee5c ti\u00eau ph\u00e1t tri\u1ec3n c\u1ee7a c\u00f4ng ty.<\/p>\n<p>T\u1ed5ng c\u00f4ng ty tri\u1ec3n khai quy tr\u00ecnh tuy\u1ec3n d\u1ee5ng ti\u00ean ti\u1ebfn gi\u00fap ch\u1ecdn ra c\u00e1c \u1ee9ng vi\u00ean t\u1ed1t nh\u1ea5t cho m\u1ed7i v\u1ecb tr\u00ed ph\u00f9 h\u1ee3p d\u1ef1a tr\u00ean th\u00e0nh t\u00edch, kh\u1ea3 n\u0103ng, t\u00e0i n\u0103ng v\u00e0 kinh nghi\u1ec7m.<\/p>\n<p><strong>Kim Long<\/strong> cam k\u1ebft t\u1ea1o ra v\u00e0 duy tr\u00ec m\u1ed9t m\u00f4i tr\u01b0\u1eddng l\u00e0m vi\u1ec7c t\u00f4n tr\u1ecdng, chuy\u00ean nghi\u1ec7p, n\u01a1i m\u1ecdi ng\u01b0\u1eddi \u0111\u1ec1u c\u00f3 th\u1ec3 \u0111\u00f3ng g\u00f3p v\u00ec s\u1ef1 th\u00e0nh c\u00f4ng c\u1ee7a c\u00f4ng ty v\u00e0 m\u1ecdi n\u1ed7 l\u1ef1c, c\u1ed1ng hi\u1ebfn \u0111\u1ec1u \u0111\u01b0\u1ee3c ghi nh\u1eadn, \u0111\u00e1nh gi\u00e1 x\u1ee9ng \u0111\u00e1ng.<\/p>\n<p>\u0110\u1ec3 t\u0103ng c\u01b0\u1eddng c\u00f4ng t\u00e1c qu\u1ea3n tr\u1ecb nh\u00e2n s\u1ef1 v\u00e0 th\u00fac \u0111\u1ea9y s\u1ef1 ph\u00e1t tri\u1ec3n c\u1ee7a c\u00e1c c\u00e1n b\u1ed9 nh\u00e2n vi\u00ean, <strong>Kim Long<\/strong> \u0111\u00e3 x\u00e2y d\u1ef1ng th\u00e0nh c\u00f4ng v\u00e0 ban h\u00e0nh trong to\u00e0n c\u00f4ng ty h\u1ec7 th\u1ed1ng ti\u00eau chu\u1ea9n ch\u1ee9c danh, \u0111\u00e1nh gi\u00e1 n\u0103ng l\u1ef1c v\u00e0 hi\u1ec7u qu\u1ea3 c\u00f4ng vi\u1ec7c theo c\u00e1c chu\u1ea9n m\u1ef1c qu\u1ed1c t\u1ebf trong nhi\u1ec1u n\u0103m qua.<\/p>\n<p><\/p>\t\t\t\t\t\t\t\t<\/div>\n\t\t\t\t<\/div>\n\t\t\t\t\t<\/div>\n\t\t\t\t<\/div>\n\t\t<div class=\"elementor-element elementor-element-c09dfea e-flex e-con-boxed elementor-invisible e-con e-child\" data-id=\"c09dfea\" data-element_type=\"container\" data-e-type=\"container\" data-settings=\"{&quot;animation&quot;:&quot;fadeInUp&quot;}\">\n\t\t\t\t\t<div class=\"e-con-inner\">\n\t\t\t\t<div class=\"elementor-element elementor-element-61fb1cf elementor-widget elementor-widget-text-editor\" data-id=\"61fb1cf\" data-element_type=\"widget\" data-e-type=\"widget\" data-widget_type=\"text-editor.default\">\n\t\t\t\t<div class=\"elementor-widget-container\">\n\t\t\t\t\t\t\t\t\t<h6><strong>Kim Long Manufacturing and Trading Services Company Limited<\/strong><\/h6><ul><li><strong>Address:<\/strong> Lot A2, Industrial Zone CN5, Tu Liem, Phuong Canh ward, Nam Tu Liem district, Hanoi<\/li><li><strong>Hotline:<\/strong>\u00a00913.531.612<\/li><li><strong>Email:<\/strong>\u00a0klmcn@vnn.vn<\/li><li><strong>Website:<\/strong>\u00a0https:\/\/kimlongmold.com<\/li><li><b>Business Registration Number:<\/b> 0101141825<\/li><li><b>Managed by:<\/b> Nam Tu Liem District Tax Department<\/li><\/ul>\t\t\t\t\t\t\t\t<\/div>\n\t\t\t\t<\/div>\n\t\t\t\t\t<\/div>\n\t\t\t\t<\/div>\n\t\t\t\t<\/div>\n\t\t\t\t<\/div>","protected":false},"excerpt":{"rendered":"<p>\u25b8 \u0110\u1ed9i ng\u0169 nh\u00e2n s\u1ef1 ch\u00ednh l\u00e0 t\u00e0i s\u1ea3n qu\u00fd gi\u00e1 nh\u1ea5t c\u1ee7a C\u00d4NG TY TNHH S\u1ea2N XU\u1ea4T V\u00c0 D\u1ecaCH V\u1ee4 TH\u01af\u01a0NG M\u1ea0I KIM LONG. Ch\u00fang t\u00f4i t\u1ef1 h\u00e0o s\u1edf h\u1eefu m\u1ed9t t\u1eadp th\u1ec3 c\u00e1c k\u1ef9 s\u01b0, k\u1ef9 thu\u1eadt vi\u00ean v\u00e0 c\u00f4ng nh\u00e2n l\u00e0nh ngh\u1ec1, gi\u00e0u kinh nghi\u1ec7m. \u0110\u1ed9i ng\u0169 nh\u00e2n s\u1ef1 C\u00d4NG TY TNHH [&hellip;]<\/p>","protected":false},"author":1,"featured_media":0,"parent":0,"menu_order":0,"comment_status":"closed","ping_status":"closed","template":"","meta":{"footnotes":""},"class_list":["post-43","page","type-page","status-publish","hentry"],"_links":{"self":[{"href":"https:\/\/kimlongmold.com\/en\/wp-json\/wp\/v2\/pages\/43","targetHints":{"allow":["GET"]}}],"collection":[{"href":"https:\/\/kimlongmold.com\/en\/wp-json\/wp\/v2\/pages"}],"about":[{"href":"https:\/\/kimlongmold.com\/en\/wp-json\/wp\/v2\/types\/page"}],"author":[{"embeddable":true,"href":"https:\/\/kimlongmold.com\/en\/wp-json\/wp\/v2\/users\/1"}],"replies":[{"embeddable":true,"href":"https:\/\/kimlongmold.com\/en\/wp-json\/wp\/v2\/comments?post=43"}],"version-history":[{"count":63,"href":"https:\/\/kimlongmold.com\/en\/wp-json\/wp\/v2\/pages\/43\/revisions"}],"predecessor-version":[{"id":2295,"href":"https:\/\/kimlongmold.com\/en\/wp-json\/wp\/v2\/pages\/43\/revisions\/2295"}],"wp:attachment":[{"href":"https:\/\/kimlongmold.com\/en\/wp-json\/wp\/v2\/media?parent=43"}],"curies":[{"name":"wp","href":"https:\/\/api.w.org\/{rel}","templated":true}]}}