{"id":48,"date":"2024-10-02T10:26:20","date_gmt":"2024-10-02T03:26:20","guid":{"rendered":"https:\/\/kimlongmold.com\/?page_id=48"},"modified":"2024-12-20T11:41:37","modified_gmt":"2024-12-20T04:41:37","slug":"quan-ly-chat-luong","status":"publish","type":"page","link":"https:\/\/kimlongmold.com\/en\/quan-ly-chat-luong\/","title":{"rendered":"Quality management"},"content":{"rendered":"<div data-elementor-type=\"wp-page\" data-elementor-id=\"48\" class=\"elementor elementor-48\" data-elementor-post-type=\"page\">\n\t\t\t\t<div class=\"elementor-element elementor-element-4df25f4 e-con-full e-flex e-con e-parent\" data-id=\"4df25f4\" data-element_type=\"container\" data-e-type=\"container\" data-settings=\"{&quot;background_background&quot;:&quot;classic&quot;}\">\n\t\t\t\t<div class=\"elementor-element elementor-element-2a6cf1c elementor-widget elementor-widget-heading\" data-id=\"2a6cf1c\" data-element_type=\"widget\" data-e-type=\"widget\" data-widget_type=\"heading.default\">\n\t\t\t\t<div class=\"elementor-widget-container\">\n\t\t\t\t\t<h2 class=\"elementor-heading-title elementor-size-default\">Quality management<\/h2>\t\t\t\t<\/div>\n\t\t\t\t<\/div>\n\t\t\t\t<div class=\"elementor-element elementor-element-7ce0e03 elementor-widget elementor-widget-woocommerce-breadcrumb\" data-id=\"7ce0e03\" data-element_type=\"widget\" data-e-type=\"widget\" data-widget_type=\"woocommerce-breadcrumb.default\">\n\t\t\t\t<div class=\"elementor-widget-container\">\n\t\t\t\t\t<nav class=\"woocommerce-breadcrumb\" aria-label=\"Breadcrumb\" data-no-translation=\"\" data-trp-gettext=\"\">Home<\/nav>\t\t\t\t<\/div>\n\t\t\t\t<\/div>\n\t\t\t\t<\/div>\n\t\t<div class=\"elementor-element elementor-element-a2b3950 e-con-full e-flex e-con e-parent\" data-id=\"a2b3950\" data-element_type=\"container\" data-e-type=\"container\">\n\t\t<div class=\"elementor-element elementor-element-807a7a5 e-flex e-con-boxed e-con e-child\" data-id=\"807a7a5\" data-element_type=\"container\" data-e-type=\"container\">\n\t\t\t\t\t<div class=\"e-con-inner\">\n\t\t\t\t<div class=\"elementor-element elementor-element-87310ea elementor-invisible elementor-widget elementor-widget-heading\" data-id=\"87310ea\" data-element_type=\"widget\" data-e-type=\"widget\" data-settings=\"{&quot;_animation&quot;:&quot;fadeInUp&quot;}\" data-widget_type=\"heading.default\">\n\t\t\t\t<div class=\"elementor-widget-container\">\n\t\t\t\t\t<h2 class=\"elementor-heading-title elementor-size-default\">\u25b8 Each product category has its own specific quality standards, which are objectively measured and controlled from raw materials to finished products through a rigorous quality control process. Quality is clearly defined and ensured at every stage, department, and by every employee.<\/h2>\t\t\t\t<\/div>\n\t\t\t\t<\/div>\n\t\t\t\t\t<\/div>\n\t\t\t\t<\/div>\n\t\t<div class=\"elementor-element elementor-element-cd4ea9b e-flex e-con-boxed elementor-invisible e-con e-child\" data-id=\"cd4ea9b\" data-element_type=\"container\" data-e-type=\"container\" data-settings=\"{&quot;animation&quot;:&quot;fadeInUp&quot;}\">\n\t\t\t\t\t<div class=\"e-con-inner\">\n\t\t\t\t<div class=\"elementor-element elementor-element-2605bc0 elementor-widget elementor-widget-heading\" data-id=\"2605bc0\" data-element_type=\"widget\" data-e-type=\"widget\" data-settings=\"{&quot;_animation&quot;:&quot;none&quot;}\" data-widget_type=\"heading.default\">\n\t\t\t\t<div class=\"elementor-widget-container\">\n\t\t\t\t\t<h2 class=\"elementor-heading-title elementor-size-default\">C\u00e1c b\u01b0\u1edbc ki\u1ec3m tra ch\u1ea5t l\u01b0\u1ee3ng<\/h2>\t\t\t\t<\/div>\n\t\t\t\t<\/div>\n\t\t\t\t<div class=\"elementor-element elementor-element-9cb615a elementor-widget elementor-widget-text-editor\" data-id=\"9cb615a\" data-element_type=\"widget\" data-e-type=\"widget\" data-settings=\"{&quot;_animation&quot;:&quot;none&quot;}\" data-widget_type=\"text-editor.default\">\n\t\t\t\t<div class=\"elementor-widget-container\">\n\t\t\t\t\t\t\t\t\t<h6 id=\"ftoc-heading-2\" class=\"ftwp-heading\"><b>B\u01b0\u1edbc 1: \u0110\u1ed3ng b\u1ed9 ti\u00eau chu\u1ea9n ch\u1ea5t l\u01b0\u1ee3ng<\/b><\/h6><ul><li>B\u1eaft \u0111\u1ea7u b\u1eb1ng vi\u1ec7c x\u00e1c \u0111\u1ecbnh c\u00e1c ti\u00eau chu\u1ea9n ch\u1ea5t l\u01b0\u1ee3ng cho s\u1ea3n ph\u1ea9m ho\u1eb7c d\u1ecbch v\u1ee5, bao g\u1ed3m y\u00eau c\u1ea7u k\u1ef9 thu\u1eadt v\u00e0 c\u00e1c ch\u1ec9 ti\u00eau \u0111\u1ecbnh l\u01b0\u1ee3ng.<\/li><li>\u0110i\u1ec1u n\u00e0y \u0111\u00f2i h\u1ecfi x\u00e1c \u0111\u1ecbnh r\u00f5 c\u00e1c th\u00f4ng s\u1ed1 k\u1ef9 thu\u1eadt, quy \u0111\u1ecbnh v\u00e0 ti\u00eau chu\u1ea9n m\u00e0 s\u1ea3n ph\u1ea9m c\u1ea7n tu\u00e2n th\u1ee7, \u0111\u1ea3m b\u1ea3o t\u00ednh c\u1ee5 th\u1ec3, \u0111o l\u01b0\u1eddng v\u00e0 kh\u1ea3 n\u0103ng \u0111\u1ea1t \u0111\u01b0\u1ee3c.<\/li><\/ul><p><b>B\u01b0\u1edbc 2: X\u00e1c \u0111\u1ecbnh c\u00e1c c\u00f4ng \u0111o\u1ea1n c\u1ea7n ki\u1ec3m tra ch\u1ea5t l\u01b0\u1ee3ng<\/b><\/p><ul><li>X\u00e1c \u0111\u1ecbnh c\u00e1c \u0111i\u1ec3m\u00a0ki\u1ec3m tra ch\u1ea5t l\u01b0\u1ee3ng s\u1ea3n ph\u1ea9m\u00a0quan tr\u1ecdng trong quy tr\u00ecnh s\u1ea3n xu\u1ea5t, n\u01a1i m\u00e0 c\u00e1c ho\u1ea1t \u0111\u1ed9ng ki\u1ec3m so\u00e1t ch\u1ea5t l\u01b0\u1ee3ng \u0111\u01b0\u1ee3c th\u1ef1c hi\u1ec7n.<\/li><li>\u0110i\u1ec1u n\u00e0y c\u00f3 th\u1ec3 bao g\u1ed3m\u00a0ki\u1ec3m tra nguy\u00ean v\u1eadt li\u1ec7u \u0111\u1ea7u v\u00e0o, gi\u00e1m s\u00e1t qu\u00e1 tr\u00ecnh s\u1ea3n xu\u1ea5t v\u00e0 ki\u1ec3m tra s\u1ea3n ph\u1ea9m cu\u1ed1i c\u00f9ng tr\u01b0\u1edbc khi xu\u1ea5t x\u01b0\u1edfng.<\/li><\/ul><h6 id=\"ftoc-heading-4\" class=\"ftwp-heading\"><b>B\u01b0\u1edbc 3: L\u1ef1a chon ph\u01b0\u01a1ng ph\u00e1p ki\u1ec3m tra ch\u1ea5t l\u01b0\u1ee3ng<\/b><\/h6><ul><li>L\u1eadp k\u1ebf ho\u1ea1ch thi\u1ebft l\u1eadpph\u01b0\u01a1ng ph\u00e1p ki\u1ec3m so\u00e1t ch\u1ea5t l\u01b0\u1ee3ng trong quy tr\u00ecnh s\u1ea3n xu\u1ea5t<em>v\u00e0 d\u1ecbch v\u1ee5<\/em>. Ph\u01b0\u01a1ng ph\u00e1p n\u00e0y c\u00f3 th\u1ec3 bao g\u1ed3m ki\u1ec3m tra v\u1eadt li\u1ec7u, \u0111o l\u01b0\u1eddng, th\u1eed nghi\u1ec7m ho\u1eb7c xem x\u00e9t m\u1eabu.<\/li><li>S\u1ef1 ch\u00ednh x\u00e1c v\u00e0 \u0111\u00e1ng tin c\u1eady c\u1ee7a c\u00e1c ph\u01b0\u01a1ng ph\u00e1p n\u00e0y c\u1ea7n \u0111\u01b0\u1ee3c \u0111\u1ea3m b\u1ea3o \u0111\u1ec3 \u0111o l\u01b0\u1eddng ch\u00ednh x\u00e1c v\u00e0 \u0111\u00e1nh gi\u00e1 ch\u1ea5t l\u01b0\u1ee3ng.<\/li><\/ul><h6 id=\"ftoc-heading-5\" class=\"ftwp-heading\"><b>B\u01b0\u1edbc 4: Th\u1ef1c hi\u1ec7n ki\u1ec3m tra ch\u1ea5t l\u01b0\u1ee3ng<\/b><\/h6><ul><li>Sau khi thi\u1ebft l\u1eadp ti\u00eau chu\u1ea9n, \u0111i\u1ec3m ki\u1ec3m so\u00e1t v\u00e0 ph\u01b0\u01a1ng ph\u00e1p ki\u1ec3m tra, b\u1eaft \u0111\u1ea7u th\u1ef1c hi\u1ec7n qu\u00e1 tr\u00ecnh ki\u1ec3m so\u00e1t ch\u1ea5t l\u01b0\u1ee3ng trong quy tr\u00ecnh s\u1ea3n xu\u1ea5t.<\/li><li>C\u00e1c ho\u1ea1t \u0111\u1ed9ng ki\u1ec3m so\u00e1t ch\u1ea5t l\u01b0\u1ee3ng nh\u01b0 ki\u1ec3m tra, gi\u00e1m s\u00e1t, \u0111\u00e1nh gi\u00e1 v\u00e0 x\u00e1c minh \u0111\u01b0\u1ee3c th\u1ef1c hi\u1ec7n t\u1ea1i c\u00e1c \u0111i\u1ec3m ki\u1ec3m so\u00e1t quan tr\u1ecdng \u0111\u1ec3 \u0111\u1ea3m b\u1ea3o r\u1eb1ng quy tr\u00ecnh s\u1ea3n xu\u1ea5t tu\u00e2n th\u1ee7 ti\u00eau chu\u1ea9n ch\u1ea5t l\u01b0\u1ee3ng.<\/li><\/ul><h6 id=\"ftoc-heading-6\" class=\"ftwp-heading\"><b>B\u01b0\u1edbc 5: Ghi nh\u1eadn, ph\u00e2n t\u00edch v\u00e0 l\u01b0u tr\u1eefu d\u1eef li\u1ec7u<\/b><\/h6><ul><li>D\u1eef li\u1ec7u t\u1eeb c\u00e1c ho\u1ea1t \u0111\u1ed9ng ki\u1ec3m so\u00e1t ch\u1ea5t l\u01b0\u1ee3ng \u0111\u01b0\u1ee3c ghi nh\u1eadn v\u00e0 ph\u00e2n t\u00edch \u0111\u1ec3 \u0111\u00e1nh gi\u00e1 hi\u1ec7u su\u1ea5t ch\u1ea5t l\u01b0\u1ee3ng c\u1ee7a quy tr\u00ecnh s\u1ea3n xu\u1ea5t.<\/li><li>Qua vi\u1ec7c ph\u00e2n t\u00edch d\u1eef li\u1ec7u, c\u00e1c xu h\u01b0\u1edbng, bi\u1ebfn \u0111\u1ed9ng v\u00e0 v\u1ea5n \u0111\u1ec1 ch\u1ea5t l\u01b0\u1ee3ng c\u00f3 th\u1ec3 \u0111\u01b0\u1ee3c nh\u1eadn bi\u1ebft, h\u1ed7 tr\u1ee3 doanh nghi\u1ec7p trong vi\u1ec7c \u0111\u01b0a ra h\u01b0\u1edbng \u0111i v\u00e0 th\u1ef1c hi\u1ec7n bi\u1ec7n ph\u00e1p kh\u1eafc ph\u1ee5c v\u00e0 c\u1ea3i thi\u1ec7n.<\/li><\/ul><h5 id=\"ftoc-heading-7\" class=\"ftwp-heading\"><b>B\u01b0\u1edbc 6: R\u00fat kinh nghi\u1ec7m, c\u1ea3i ti\u1ebfn li\u00ean t\u1ee5c<\/b><\/h5><ul><li>D\u1ef1a tr\u00ean k\u1ebft qu\u1ea3 ph\u00e2n t\u00edch d\u1eef li\u1ec7u v\u00e0 ph\u1ea3n h\u1ed3i t\u1eeb kh\u00e1ch h\u00e0ng, th\u1ef1c hi\u1ec7n c\u00e1c bi\u1ec7n ph\u00e1p c\u1ea3i ti\u1ebfn li\u00ean t\u1ee5c nh\u1eb1m n\u00e2ng cao ch\u1ea5t l\u01b0\u1ee3ng v\u00e0 hi\u1ec7u su\u1ea5t c\u1ee7a quy tr\u00ecnh s\u1ea3n xu\u1ea5t.<\/li><li>C\u00e1c bi\u1ec7n ph\u00e1p n\u00e0y c\u00f3 th\u1ec3 bao g\u1ed3m c\u1ea3i ti\u1ebfn quy tr\u00ecnh, \u0111\u00e0o t\u1ea1o nh\u00e2n vi\u00ean, \u00e1p d\u1ee5ng c\u00f4ng ngh\u1ec7 m\u1edbi ho\u1eb7c c\u1ea3i thi\u1ec7n ph\u01b0\u01a1ng ph\u00e1p ki\u1ec3m so\u00e1t ch\u1ea5t l\u01b0\u1ee3ng.<\/li><\/ul>\t\t\t\t\t\t\t\t<\/div>\n\t\t\t\t<\/div>\n\t\t\t\t\t<\/div>\n\t\t\t\t<\/div>\n\t\t\t\t<\/div>\n\t\t\t\t<\/div>","protected":false},"excerpt":{"rendered":"<p>\u25b8 \u0110\u1ed1i v\u1edbi t\u1eebng lo\u1ea1i s\u1ea3n ph\u1ea9m s\u1ebd c\u00f3 nh\u1eefng y\u00eau c\u1ea7u v\u1ec1 ti\u00eau chu\u1ea9n ch\u1ea5t l\u01b0\u1ee3ng ri\u00eang v\u00e0 nh\u1eefng ti\u00eau chu\u1ea9n n\u00e0y s\u1ebd \u0111\u01b0\u1ee3c \u0111o l\u01b0\u1eddng m\u1ed9t c\u00e1ch kh\u00e1ch quan v\u00e0 \u0111\u01b0\u1ee3c ki\u1ec3m so\u00e1t t\u1eeb c\u00f4ng \u0111o\u1ea1n nguy\u00ean v\u1eadt li\u1ec7u \u0111\u1ea7u v\u00e0o \u0111\u1ebfn th\u00e0nh ph\u1ea9m \u0111\u1ea7u ra th\u00f4ng qua m\u1ed9t quy tr\u00ecnh ki\u1ec3m so\u00e1t [&hellip;]<\/p>","protected":false},"author":1,"featured_media":0,"parent":0,"menu_order":0,"comment_status":"closed","ping_status":"closed","template":"","meta":{"footnotes":""},"class_list":["post-48","page","type-page","status-publish","hentry"],"_links":{"self":[{"href":"https:\/\/kimlongmold.com\/en\/wp-json\/wp\/v2\/pages\/48","targetHints":{"allow":["GET"]}}],"collection":[{"href":"https:\/\/kimlongmold.com\/en\/wp-json\/wp\/v2\/pages"}],"about":[{"href":"https:\/\/kimlongmold.com\/en\/wp-json\/wp\/v2\/types\/page"}],"author":[{"embeddable":true,"href":"https:\/\/kimlongmold.com\/en\/wp-json\/wp\/v2\/users\/1"}],"replies":[{"embeddable":true,"href":"https:\/\/kimlongmold.com\/en\/wp-json\/wp\/v2\/comments?post=48"}],"version-history":[{"count":76,"href":"https:\/\/kimlongmold.com\/en\/wp-json\/wp\/v2\/pages\/48\/revisions"}],"predecessor-version":[{"id":2289,"href":"https:\/\/kimlongmold.com\/en\/wp-json\/wp\/v2\/pages\/48\/revisions\/2289"}],"wp:attachment":[{"href":"https:\/\/kimlongmold.com\/en\/wp-json\/wp\/v2\/media?parent=48"}],"curies":[{"name":"wp","href":"https:\/\/api.w.org\/{rel}","templated":true}]}}