{"id":64,"date":"2024-10-04T14:48:29","date_gmt":"2024-10-04T07:48:29","guid":{"rendered":"https:\/\/kimlongmold.com\/?page_id=64"},"modified":"2025-02-26T09:13:08","modified_gmt":"2025-02-26T02:13:08","slug":"co-so-vat-chat","status":"publish","type":"page","link":"https:\/\/kimlongmold.com\/en\/co-so-vat-chat\/","title":{"rendered":"Facilities"},"content":{"rendered":"<div data-elementor-type=\"wp-page\" data-elementor-id=\"64\" class=\"elementor elementor-64\" data-elementor-post-type=\"page\">\n\t\t\t\t<div class=\"elementor-element elementor-element-ac79cc5 e-con-full e-flex e-con e-parent\" data-id=\"ac79cc5\" data-element_type=\"container\" data-e-type=\"container\" data-settings=\"{&quot;background_background&quot;:&quot;classic&quot;}\">\n\t\t\t\t<div class=\"elementor-element elementor-element-2e65168 elementor-widget elementor-widget-heading\" data-id=\"2e65168\" data-element_type=\"widget\" data-e-type=\"widget\" data-widget_type=\"heading.default\">\n\t\t\t\t<div class=\"elementor-widget-container\">\n\t\t\t\t\t<h2 class=\"elementor-heading-title elementor-size-default\">Facilities<\/h2>\t\t\t\t<\/div>\n\t\t\t\t<\/div>\n\t\t\t\t<div class=\"elementor-element elementor-element-d0a172a elementor-widget elementor-widget-woocommerce-breadcrumb\" data-id=\"d0a172a\" data-element_type=\"widget\" data-e-type=\"widget\" data-widget_type=\"woocommerce-breadcrumb.default\">\n\t\t\t\t<div class=\"elementor-widget-container\">\n\t\t\t\t\t<nav class=\"woocommerce-breadcrumb\" aria-label=\"Breadcrumb\" data-no-translation=\"\" data-trp-gettext=\"\">Home<\/nav>\t\t\t\t<\/div>\n\t\t\t\t<\/div>\n\t\t\t\t<\/div>\n\t\t<div class=\"elementor-element elementor-element-45a61b3 e-con-full e-flex e-con e-parent\" data-id=\"45a61b3\" data-element_type=\"container\" data-e-type=\"container\">\n\t\t<div class=\"elementor-element elementor-element-3be18c5 e-flex e-con-boxed elementor-invisible e-con e-child\" data-id=\"3be18c5\" data-element_type=\"container\" data-e-type=\"container\" data-settings=\"{&quot;animation&quot;:&quot;fadeInUp&quot;}\">\n\t\t\t\t\t<div class=\"e-con-inner\">\n\t\t\t\t<div class=\"elementor-element elementor-element-5e3c3c4 elementor-widget elementor-widget-text-editor\" data-id=\"5e3c3c4\" data-element_type=\"widget\" data-e-type=\"widget\" data-widget_type=\"text-editor.default\">\n\t\t\t\t<div class=\"elementor-widget-container\">\n\t\t\t\t\t\t\t\t\t<p>Kim Long t\u1ef1 h\u00e0o s\u1edf h\u1eefu h\u1ec7 th\u1ed1ng trang thi\u1ebft b\u1ecb hi\u1ec7n \u0111\u1ea1i, \u0111\u01b0\u1ee3c \u0111\u1ea7u t\u01b0 \u0111\u1ed3ng b\u1ed9 nh\u1eb1m \u0111\u00e1p \u1ee9ng nh\u1eefng y\u00eau c\u1ea7u gia c\u00f4ng ch\u00ednh x\u00e1c cao. Ch\u00fang t\u00f4i v\u1eadn h\u00e0nh h\u01a1n 30 trung t\u00e2m gia c\u00f4ng, bao g\u1ed3m c\u00e1c <strong>m\u00e1y ti\u1ec7n \u0111\u1ee9ng Makino, c\u00f9ng nhi\u1ec1u m\u00e1y CNC t\u1eeb Nh\u1eadt B\u1ea3n<\/strong>. V\u1edbi \u0111\u1ecbnh h\u01b0\u1edbng t\u1eadp trung v\u00e0o \u0111\u1ed9 ch\u00ednh x\u00e1c v\u00e0 \u0111\u1ed9 ph\u1ee9c t\u1ea1p c\u1ee7a s\u1ea3n ph\u1ea9m, ch\u00fang t\u00f4i kh\u00f4ng ng\u1eebng n\u00e2ng c\u1ea5p c\u00f4ng ngh\u1ec7 v\u00e0 quy tr\u00ecnh s\u1ea3n xu\u1ea5t \u0111\u1ec3 t\u1ea1o ra nh\u1eefng s\u1ea3n ph\u1ea9m c\u00f3 y\u00eau c\u1ea7u k\u1ef9 thu\u1eadt ng\u00e0y c\u00e0ng cao.<\/p>\t\t\t\t\t\t\t\t<\/div>\n\t\t\t\t<\/div>\n\t\t\t\t\t<\/div>\n\t\t\t\t<\/div>\n\t\t<div class=\"elementor-element elementor-element-a300d28 e-flex e-con-boxed elementor-invisible e-con e-child\" data-id=\"a300d28\" data-element_type=\"container\" data-e-type=\"container\" data-settings=\"{&quot;animation&quot;:&quot;fadeInUp&quot;}\">\n\t\t\t\t\t<div class=\"e-con-inner\">\n\t\t\t\t<div class=\"elementor-element elementor-element-83b952f elementor-widget elementor-widget-heading\" data-id=\"83b952f\" data-element_type=\"widget\" data-e-type=\"widget\" data-widget_type=\"heading.default\">\n\t\t\t\t<div class=\"elementor-widget-container\">\n\t\t\t\t\t<h2 class=\"elementor-heading-title elementor-size-default\">Danh s\u00e1ch c\u00e1c trung t\u00e2m gia c\u00f4ng\/m\u00e1y CNC<\/h2>\t\t\t\t<\/div>\n\t\t\t\t<\/div>\n\t\t\t\t<div class=\"elementor-element elementor-element-fd5baa4 elementor-widget elementor-widget-heading\" data-id=\"fd5baa4\" data-element_type=\"widget\" data-e-type=\"widget\" data-widget_type=\"heading.default\">\n\t\t\t\t<div class=\"elementor-widget-container\">\n\t\t\t\t\t<h2 class=\"elementor-heading-title elementor-size-default\">Ng\u00e0y c\u1eadp nh\u1eadt: 26\/02\/2025<\/h2>\t\t\t\t<\/div>\n\t\t\t\t<\/div>\n\t\t\t\t\t<\/div>\n\t\t\t\t<\/div>\n\t\t<div class=\"elementor-element elementor-element-2922878 e-flex e-con-boxed elementor-invisible e-con e-child\" data-id=\"2922878\" data-element_type=\"container\" data-e-type=\"container\" data-settings=\"{&quot;animation&quot;:&quot;fadeIn&quot;}\">\n\t\t\t\t\t<div class=\"e-con-inner\">\n\t\t\t\t<div class=\"elementor-element elementor-element-567b040 elementor-widget elementor-widget-Table\" data-id=\"567b040\" data-element_type=\"widget\" data-e-type=\"widget\" data-widget_type=\"Table.default\">\n\t\t\t\t<div class=\"elementor-widget-container\">\n\t\t\t\t\t\t\t<table class=\"tafe-table\">\n\t\t\t<thead  class=\"tafe-table-header\">\n\t\t\t\t<tr>\n\t\t\t\t\t<th class=\"elementor-inline-editing elementor-repeater-item-30518e1\"   >H\u00c3NG<\/th><th class=\"elementor-inline-editing elementor-repeater-item-0c8d76d\"   >MODEL<\/th><th class=\"elementor-inline-editing elementor-repeater-item-1ae9768\"   >H\u00ccNH \u1ea2NH<\/th><th class=\"elementor-inline-editing elementor-repeater-item-e8b3b31\"   >CH\u1ee6NG LO\u1ea0I<\/th><th class=\"elementor-inline-editing elementor-repeater-item-94c02e1\"   >XU\u1ea4T X\u1ee8<\/th><th class=\"elementor-inline-editing elementor-repeater-item-f226e90\"   >S\u1ed0 L\u01af\u1ee2NG<\/th>\t\t\t\t<\/tr>\n\t\t\t<\/thead>\n\t\t\t\t\t\t<tbody class=\"tafe-table-body\">\n\t\t\t\t<tr>\n\t\t\t\t\t<\/tr><tr><td data-label=\"H\u00c3NG\"   class=\"elementor-repeater-item-ec28095 td-content-type-default\" >MAKINO<\/td><td data-label=\"MODEL\"   class=\"elementor-repeater-item-dbe4ae2 td-content-type-default\" >iQ500<\/td><td data-label=\"H\u00ccNH \u1ea2NH\"   class=\"elementor-repeater-item-69c52f8 td-content-type-image\" ><\/td><td data-label=\"CH\u1ee6NG LO\u1ea0I\"   class=\"elementor-repeater-item-745e658 td-content-type-default\" >Vertical Machining Center<\/td><td data-label=\"XU\u1ea4T X\u1ee8\"   class=\"elementor-repeater-item-c0f047b td-content-type-default\" >Japan<\/td><td data-label=\"S\u1ed0 L\u01af\u1ee2NG\"   class=\"elementor-repeater-item-e0885aa td-content-type-default\" >1<\/td><\/tr><tr><td data-label=\"H\u00c3NG\"   class=\"elementor-repeater-item-bebbecc td-content-type-default\" >MAKINO<\/td><td data-label=\"MODEL\"   class=\"elementor-repeater-item-e636ffa td-content-type-default\" >Slim3n<\/td><td data-label=\"H\u00ccNH \u1ea2NH\"   class=\"elementor-repeater-item-9374480 td-content-type-default\" ><img decoding=\"async\" src=\"http:\/\/kimlongmold.com\/wp-content\/uploads\/2024\/12\/Makino-Slim3n-3-truc-doc.jpeg\" width=\"100\"><\/td><td data-label=\"CH\u1ee6NG LO\u1ea0I\"   class=\"elementor-repeater-item-1c3f547 td-content-type-default\" >Vertical Machining Center<\/td><td data-label=\"XU\u1ea4T X\u1ee8\"   class=\"elementor-repeater-item-1a7ccd2 td-content-type-default\" >Japan<\/td><td data-label=\"S\u1ed0 L\u01af\u1ee2NG\"   class=\"elementor-repeater-item-ed1df7d td-content-type-default\" >2<\/td><\/tr><tr><td data-label=\"H\u00c3NG\"   class=\"elementor-repeater-item-167f451 td-content-type-default\" >MAKINO<\/td><td data-label=\"MODEL\"   class=\"elementor-repeater-item-9e9d601 td-content-type-default\" >PS65<\/td><td data-label=\"H\u00ccNH \u1ea2NH\"   class=\"elementor-repeater-item-7f610e9 td-content-type-default\" ><img decoding=\"async\" src=\"http:\/\/kimlongmold.com\/wp-content\/uploads\/2024\/12\/Makino-PS65-3-truc-doc.jpg\" width=\"100\"><\/td><td data-label=\"CH\u1ee6NG LO\u1ea0I\"   class=\"elementor-repeater-item-ff37c48 td-content-type-default\" >Vertical Machining Center<\/td><td data-label=\"XU\u1ea4T X\u1ee8\"   class=\"elementor-repeater-item-2826bc4 td-content-type-default\" >Japan<\/td><td data-label=\"S\u1ed0 L\u01af\u1ee2NG\"   class=\"elementor-repeater-item-94951ee td-content-type-default\" >1<\/td><\/tr><tr><td data-label=\"H\u00c3NG\"   class=\"elementor-repeater-item-57c8490 td-content-type-default\" >MAKINO<\/td><td data-label=\"MODEL\"   class=\"elementor-repeater-item-5b5e89e td-content-type-default\" >PS105<\/td><td data-label=\"H\u00ccNH \u1ea2NH\"   class=\"elementor-repeater-item-d985f8f td-content-type-default\" ><img decoding=\"async\" src=\"http:\/\/kimlongmold.com\/wp-content\/uploads\/2024\/12\/Makino-PS105-3-truc-doc.jpg\" width=\"100\"><\/td><td data-label=\"CH\u1ee6NG LO\u1ea0I\"   class=\"elementor-repeater-item-98ff332 td-content-type-default\" >Vertical Machining Center<\/td><td data-label=\"XU\u1ea4T X\u1ee8\"   class=\"elementor-repeater-item-89d6d69 td-content-type-default\" >Japan<\/td><td data-label=\"S\u1ed0 L\u01af\u1ee2NG\"   class=\"elementor-repeater-item-b5fd4d4 td-content-type-default\" >1<\/td><\/tr><tr><td data-label=\"H\u00c3NG\"   class=\"elementor-repeater-item-524e78d td-content-type-default\" >MAKINO<\/td><td data-label=\"MODEL\"   class=\"elementor-repeater-item-f104822 td-content-type-default\" >F3<\/td><td data-label=\"H\u00ccNH \u1ea2NH\"   class=\"elementor-repeater-item-946dc26 td-content-type-default\" ><img decoding=\"async\" src=\"http:\/\/kimlongmold.com\/wp-content\/uploads\/2024\/12\/Makino-F3-3-truc-doc.jpg\" width=\"100\"><\/td><td data-label=\"CH\u1ee6NG LO\u1ea0I\"   class=\"elementor-repeater-item-85de984 td-content-type-default\" >Vertical Machining Center<\/td><td data-label=\"XU\u1ea4T X\u1ee8\"   class=\"elementor-repeater-item-ca41cf7 td-content-type-default\" >Japan<\/td><td data-label=\"S\u1ed0 L\u01af\u1ee2NG\"   class=\"elementor-repeater-item-4265e61 td-content-type-default\" >1<\/td><\/tr><tr><td data-label=\"H\u00c3NG\"   class=\"elementor-repeater-item-5c57e4f td-content-type-default\" >MAKINO<\/td><td data-label=\"MODEL\"   class=\"elementor-repeater-item-94ffba1 td-content-type-default\" >F9<\/td><td data-label=\"H\u00ccNH \u1ea2NH\"   class=\"elementor-repeater-item-2012277 td-content-type-default\" ><img decoding=\"async\" src=\"http:\/\/kimlongmold.com\/wp-content\/uploads\/2024\/12\/Makino-F9-3-truc-doc.jpeg\" width=\"100\"><\/td><td data-label=\"CH\u1ee6NG LO\u1ea0I\"   class=\"elementor-repeater-item-ba57e34 td-content-type-default\" >Vertical Machining Center<\/td><td data-label=\"XU\u1ea4T X\u1ee8\"   class=\"elementor-repeater-item-20df477 td-content-type-default\" >Japan<\/td><td data-label=\"S\u1ed0 L\u01af\u1ee2NG\"   class=\"elementor-repeater-item-3b51972 td-content-type-default\" >1<\/td><\/tr><tr><td data-label=\"H\u00c3NG\"   class=\"elementor-repeater-item-a064c6f td-content-type-default\" >MAKINO<\/td><td data-label=\"MODEL\"   class=\"elementor-repeater-item-0c45af7 td-content-type-default\" >EDGE3(S)<\/td><td data-label=\"H\u00ccNH \u1ea2NH\"   class=\"elementor-repeater-item-d168165 td-content-type-default\" ><img decoding=\"async\" src=\"http:\/\/kimlongmold.com\/wp-content\/uploads\/2024\/12\/Makino-Edge-3-may-cat-dien.jpg\" width=\"100\"><\/td><td data-label=\"CH\u1ee6NG LO\u1ea0I\"   class=\"elementor-repeater-item-a6a1f79 td-content-type-default\" >EDM<\/td><td data-label=\"XU\u1ea4T X\u1ee8\"   class=\"elementor-repeater-item-60a46eb td-content-type-default\" >Japan<\/td><td data-label=\"S\u1ed0 L\u01af\u1ee2NG\"   class=\"elementor-repeater-item-9c34801 td-content-type-default\" >1<\/td><\/tr><tr><td data-label=\"H\u00c3NG\"   class=\"elementor-repeater-item-35690f9 td-content-type-default\" >MAKINO<\/td><td data-label=\"MODEL\"   class=\"elementor-repeater-item-5d25124 td-content-type-default\" >iQ500<\/td><td data-label=\"H\u00ccNH \u1ea2NH\"   class=\"elementor-repeater-item-dd57b82 td-content-type-default\" ><img decoding=\"async\" src=\"http:\/\/kimlongmold.com\/wp-content\/uploads\/2024\/12\/Makino-iQ500-3-truc-doc.jpg\" width=\"100\"><\/td><td data-label=\"CH\u1ee6NG LO\u1ea0I\"   class=\"elementor-repeater-item-a67b823 td-content-type-default\" >Vertical Machining Center<\/td><td data-label=\"XU\u1ea4T X\u1ee8\"   class=\"elementor-repeater-item-d88fcec td-content-type-default\" >Japan<\/td><td data-label=\"S\u1ed0 L\u01af\u1ee2NG\"   class=\"elementor-repeater-item-613ec1e td-content-type-default\" >1<\/td><\/tr><tr><td data-label=\"H\u00c3NG\"   class=\"elementor-repeater-item-4a7fc1b td-content-type-default\" >MAZAK<\/td><td data-label=\"MODEL\"   class=\"elementor-repeater-item-84f625d td-content-type-default\" > \n \t\nVCN-700D<\/td><td data-label=\"H\u00ccNH \u1ea2NH\"   class=\"elementor-repeater-item-28fb2c5 td-content-type-default\" ><img decoding=\"async\" src=\"http:\/\/kimlongmold.com\/wp-content\/uploads\/2024\/12\/Mazak-VCN-700D.png\" width=\"100\"><\/td><td data-label=\"CH\u1ee6NG LO\u1ea0I\"   class=\"elementor-repeater-item-16005f8 td-content-type-default\" >Vertical Machining Center<\/td><td data-label=\"XU\u1ea4T X\u1ee8\"   class=\"elementor-repeater-item-7e51706 td-content-type-default\" >Japan<\/td><td data-label=\"S\u1ed0 L\u01af\u1ee2NG\"   class=\"elementor-repeater-item-af420c3 td-content-type-default\" >1<\/td><\/tr><tr><td data-label=\"H\u00c3NG\"   class=\"elementor-repeater-item-5ee43d4 td-content-type-default\" >MAZAK<\/td><td data-label=\"MODEL\"   class=\"elementor-repeater-item-6e0583b td-content-type-default\" > \n \t\nSmart 530C<\/td><td data-label=\"H\u00ccNH \u1ea2NH\"   class=\"elementor-repeater-item-216c33b td-content-type-default\" ><img decoding=\"async\" src=\"http:\/\/kimlongmold.com\/wp-content\/uploads\/2024\/12\/Mazak-SMART-530C.png\" width=\"100\"><\/td><td data-label=\"CH\u1ee6NG LO\u1ea0I\"   class=\"elementor-repeater-item-2f5e3c1 td-content-type-default\" >Vertical Machining Center<\/td><td data-label=\"XU\u1ea4T X\u1ee8\"   class=\"elementor-repeater-item-d27b60c td-content-type-default\" >Japan<\/td><td data-label=\"S\u1ed0 L\u01af\u1ee2NG\"   class=\"elementor-repeater-item-f018201 td-content-type-default\" >1<\/td><\/tr><tr><td data-label=\"H\u00c3NG\"   class=\"elementor-repeater-item-4688f2a td-content-type-default\" >MAZAK<\/td><td data-label=\"MODEL\"   class=\"elementor-repeater-item-b853b14 td-content-type-default\" >QT-100SG<\/td><td data-label=\"H\u00ccNH \u1ea2NH\"   class=\"elementor-repeater-item-aeb34b7 td-content-type-default\" ><img decoding=\"async\" src=\"http:\/\/kimlongmold.com\/wp-content\/uploads\/2024\/12\/Mazak-QT-100SG.jpeg\" width=\"100\"><\/td><td data-label=\"CH\u1ee6NG LO\u1ea0I\"   class=\"elementor-repeater-item-b3dcd01 td-content-type-default\" > \n \t\nCNC Turning Center<\/td><td data-label=\"XU\u1ea4T X\u1ee8\"   class=\"elementor-repeater-item-a1a7184 td-content-type-default\" >Japan<\/td><td data-label=\"S\u1ed0 L\u01af\u1ee2NG\"   class=\"elementor-repeater-item-1e15af0 td-content-type-default\" >1<\/td><\/tr><tr><td data-label=\"H\u00c3NG\"   class=\"elementor-repeater-item-9e9bcd7 td-content-type-default\" >SODICK<\/td><td data-label=\"MODEL\"   class=\"elementor-repeater-item-051a205 td-content-type-default\" >AD55<\/td><td data-label=\"H\u00ccNH \u1ea2NH\"   class=\"elementor-repeater-item-0bd48f0 td-content-type-default\" ><img decoding=\"async\" src=\"http:\/\/kimlongmold.com\/wp-content\/uploads\/2024\/12\/Sodick-AD55.webp\" width=\"100\"><\/td><td data-label=\"CH\u1ee6NG LO\u1ea0I\"   class=\"elementor-repeater-item-249030d td-content-type-default\" >EDM<\/td><td data-label=\"XU\u1ea4T X\u1ee8\"   class=\"elementor-repeater-item-43e248b td-content-type-default\" >Japan<\/td><td data-label=\"S\u1ed0 L\u01af\u1ee2NG\"   class=\"elementor-repeater-item-c93dc38 td-content-type-default\" >1<\/td><\/tr><tr><td data-label=\"H\u00c3NG\"   class=\"elementor-repeater-item-d1b92fc td-content-type-default\" >SODICK<\/td><td data-label=\"MODEL\"   class=\"elementor-repeater-item-ddd25a4 td-content-type-default\" >VL400Q<\/td><td data-label=\"H\u00ccNH \u1ea2NH\"   class=\"elementor-repeater-item-eb3c833 td-content-type-default\" ><img decoding=\"async\" src=\"http:\/\/kimlongmold.com\/wp-content\/uploads\/2024\/12\/Sodick-VL400Q.jpg\" width=\"100\"><\/td><td data-label=\"CH\u1ee6NG LO\u1ea0I\"   class=\"elementor-repeater-item-11547c7 td-content-type-default\" >Wire EDM<\/td><td data-label=\"XU\u1ea4T X\u1ee8\"   class=\"elementor-repeater-item-61b7f7b td-content-type-default\" >Japan<\/td><td data-label=\"S\u1ed0 L\u01af\u1ee2NG\"   class=\"elementor-repeater-item-48ff35d td-content-type-default\" >1<\/td><\/tr><tr><td data-label=\"H\u00c3NG\"   class=\"elementor-repeater-item-f777e66 td-content-type-default\" >AKIRA SEIKI<\/td><td data-label=\"MODEL\"   class=\"elementor-repeater-item-51f1186 td-content-type-default\" >SV760<\/td><td data-label=\"H\u00ccNH \u1ea2NH\"   class=\"elementor-repeater-item-9e2627b td-content-type-default\" ><img decoding=\"async\" src=\"http:\/\/kimlongmold.com\/wp-content\/uploads\/2024\/12\/Akira-Seiki-SV760.png\" width=\"100\"><\/td><td data-label=\"CH\u1ee6NG LO\u1ea0I\"   class=\"elementor-repeater-item-92f082c td-content-type-default\" >Vertical Machining Center<\/td><td data-label=\"XU\u1ea4T X\u1ee8\"   class=\"elementor-repeater-item-f5b3ced td-content-type-default\" >Japan<\/td><td data-label=\"S\u1ed0 L\u01af\u1ee2NG\"   class=\"elementor-repeater-item-0222228 td-content-type-default\" >1<\/td><\/tr><tr><td data-label=\"H\u00c3NG\"   class=\"elementor-repeater-item-dd30a4e td-content-type-default\" >AKIRA SEIKI<\/td><td data-label=\"MODEL\"   class=\"elementor-repeater-item-9c626d8 td-content-type-default\" >SV1050<\/td><td data-label=\"H\u00ccNH \u1ea2NH\"   class=\"elementor-repeater-item-31fde99 td-content-type-default\" ><img decoding=\"async\" src=\"http:\/\/kimlongmold.com\/wp-content\/uploads\/2024\/12\/Akira-Seiki-SV1050.jpg\" width=\"100\"><\/td><td data-label=\"CH\u1ee6NG LO\u1ea0I\"   class=\"elementor-repeater-item-6eedb93 td-content-type-default\" >Vertical Machining Center<\/td><td data-label=\"XU\u1ea4T X\u1ee8\"   class=\"elementor-repeater-item-959dbac td-content-type-default\" >Japan<\/td><td data-label=\"S\u1ed0 L\u01af\u1ee2NG\"   class=\"elementor-repeater-item-606408a td-content-type-default\" >1<\/td><\/tr><tr><td data-label=\"H\u00c3NG\"   class=\"elementor-repeater-item-06271e1 td-content-type-default\" >AKIRA SEIKI<\/td><td data-label=\"MODEL\"   class=\"elementor-repeater-item-39efe9e td-content-type-default\" >V2.5<\/td><td data-label=\"H\u00ccNH \u1ea2NH\"   class=\"elementor-repeater-item-61b82a1 td-content-type-default\" ><img decoding=\"async\" src=\"https:\/\/t4.ftcdn.net\/jpg\/04\/73\/25\/49\/360_F_473254957_bxG9yf4ly7OBO5I0O5KABlN930GwaMQz.jpg\" width=\"100\"><\/td><td data-label=\"CH\u1ee6NG LO\u1ea0I\"   class=\"elementor-repeater-item-bc7ef6c td-content-type-default\" >Vertical Machining Center<\/td><td data-label=\"XU\u1ea4T X\u1ee8\"   class=\"elementor-repeater-item-d479cf3 td-content-type-default\" >Japan<\/td><td data-label=\"S\u1ed0 L\u01af\u1ee2NG\"   class=\"elementor-repeater-item-08729e1 td-content-type-default\" >1<\/td><\/tr><tr><td data-label=\"H\u00c3NG\"   class=\"elementor-repeater-item-45e230c td-content-type-default\" >MORI SEIKI<\/td><td data-label=\"MODEL\"   class=\"elementor-repeater-item-4060dd3 td-content-type-default\" >SL20<\/td><td data-label=\"H\u00ccNH \u1ea2NH\"   class=\"elementor-repeater-item-a6c5e99 td-content-type-default\" ><img decoding=\"async\" src=\"http:\/\/kimlongmold.com\/wp-content\/uploads\/2024\/12\/Mori-seiki-SL20-e1733972479976.jpg\" width=\"100\"><\/td><td data-label=\"CH\u1ee6NG LO\u1ea0I\"   class=\"elementor-repeater-item-66f3dea td-content-type-default\" >CNC Turning Center<\/td><td data-label=\"XU\u1ea4T X\u1ee8\"   class=\"elementor-repeater-item-bb32b12 td-content-type-default\" >Japan<\/td><td data-label=\"S\u1ed0 L\u01af\u1ee2NG\"   class=\"elementor-repeater-item-8c45238 td-content-type-default\" >1<\/td><\/tr><tr><td data-label=\"H\u00c3NG\"   class=\"elementor-repeater-item-ea7b8e6 td-content-type-default\" >ZEISS<\/td><td data-label=\"MODEL\"   class=\"elementor-repeater-item-873f242 td-content-type-default\" >Contura G2<\/td><td data-label=\"H\u00ccNH \u1ea2NH\"   class=\"elementor-repeater-item-5d3bcd4 td-content-type-default\" ><img decoding=\"async\" src=\"http:\/\/kimlongmold.com\/wp-content\/uploads\/2024\/12\/Zeiss-Contura-G2-e1733972571188.jpg\" width=\"100\"><\/td><td data-label=\"CH\u1ee6NG LO\u1ea0I\"   class=\"elementor-repeater-item-cfec9a4 td-content-type-default\" >CMM<\/td><td data-label=\"XU\u1ea4T X\u1ee8\"   class=\"elementor-repeater-item-306daf4 td-content-type-default\" >Germany<\/td><td data-label=\"S\u1ed0 L\u01af\u1ee2NG\"   class=\"elementor-repeater-item-dbf4d8d td-content-type-default\" >1<\/td><\/tr><tr><td data-label=\"H\u00c3NG\"   class=\"elementor-repeater-item-48fa0d9 td-content-type-default\" >OTHER<\/td><td data-label=\"MODEL\"   class=\"elementor-repeater-item-fab8077 td-content-type-default\" >Kondo <br>\nDaito Toa <br>\nMeiki M-200B <br>\nHitachi V150 <br>\nNagase SGW-64 <br>\nOkamoto PSG-125<\/td><td data-label=\"H\u00ccNH \u1ea2NH\"   class=\"elementor-repeater-item-784f15b td-content-type-default\" ><img decoding=\"async\" src=\"https:\/\/t4.ftcdn.net\/jpg\/04\/73\/25\/49\/360_F_473254957_bxG9yf4ly7OBO5I0O5KABlN930GwaMQz.jpg\" width=\"100\"><\/td><td data-label=\"CH\u1ee6NG LO\u1ea0I\"   class=\"elementor-repeater-item-3c6152e td-content-type-default\" >Cylindrical grinder Circular <br>saw machine Drilling machine Injection <br>machine Air compressor <br>Flat grinder Flat grinder<\/td><td data-label=\"XU\u1ea4T X\u1ee8\"   class=\"elementor-repeater-item-9b3b89a td-content-type-default\" >Other<\/td><td data-label=\"S\u1ed0 L\u01af\u1ee2NG\"   class=\"elementor-repeater-item-d281b55 td-content-type-default\" >9<\/td>\t\t\t\t<\/tr>\n\t\t\t<\/tbody>\n\t\t<\/table>\n\t\t\n\t\t\t\t\t\t<\/div>\n\t\t\t\t<\/div>\n\t\t\t\t\t<\/div>\n\t\t\t\t<\/div>\n\t\t\t\t<\/div>\n\t\t\t\t<\/div>","protected":false},"excerpt":{"rendered":"<p>Kim Long t\u1ef1 h\u00e0o s\u1edf h\u1eefu h\u1ec7 th\u1ed1ng trang thi\u1ebft b\u1ecb hi\u1ec7n \u0111\u1ea1i, \u0111\u01b0\u1ee3c \u0111\u1ea7u t\u01b0 \u0111\u1ed3ng b\u1ed9 nh\u1eb1m \u0111\u00e1p \u1ee9ng nh\u1eefng y\u00eau c\u1ea7u gia c\u00f4ng ch\u00ednh x\u00e1c cao. Ch\u00fang t\u00f4i v\u1eadn h\u00e0nh h\u01a1n 30 trung t\u00e2m gia c\u00f4ng, bao g\u1ed3m c\u00e1c m\u00e1y ti\u1ec7n \u0111\u1ee9ng Makino, c\u00f9ng nhi\u1ec1u m\u00e1y CNC t\u1eeb Nh\u1eadt B\u1ea3n. V\u1edbi \u0111\u1ecbnh [&hellip;]<\/p>","protected":false},"author":1,"featured_media":0,"parent":0,"menu_order":0,"comment_status":"closed","ping_status":"closed","template":"","meta":{"footnotes":""},"class_list":["post-64","page","type-page","status-publish","hentry"],"_links":{"self":[{"href":"https:\/\/kimlongmold.com\/en\/wp-json\/wp\/v2\/pages\/64","targetHints":{"allow":["GET"]}}],"collection":[{"href":"https:\/\/kimlongmold.com\/en\/wp-json\/wp\/v2\/pages"}],"about":[{"href":"https:\/\/kimlongmold.com\/en\/wp-json\/wp\/v2\/types\/page"}],"author":[{"embeddable":true,"href":"https:\/\/kimlongmold.com\/en\/wp-json\/wp\/v2\/users\/1"}],"replies":[{"embeddable":true,"href":"https:\/\/kimlongmold.com\/en\/wp-json\/wp\/v2\/comments?post=64"}],"version-history":[{"count":130,"href":"https:\/\/kimlongmold.com\/en\/wp-json\/wp\/v2\/pages\/64\/revisions"}],"predecessor-version":[{"id":2545,"href":"https:\/\/kimlongmold.com\/en\/wp-json\/wp\/v2\/pages\/64\/revisions\/2545"}],"wp:attachment":[{"href":"https:\/\/kimlongmold.com\/en\/wp-json\/wp\/v2\/media?parent=64"}],"curies":[{"name":"wp","href":"https:\/\/api.w.org\/{rel}","templated":true}]}}