{"id":1006,"date":"2024-11-04T14:56:57","date_gmt":"2024-11-04T07:56:57","guid":{"rendered":"https:\/\/kimlongmold.com\/?post_type=product&#038;p=1006"},"modified":"2024-11-04T14:57:09","modified_gmt":"2024-11-04T07:57:09","slug":"khuon-mau-6","status":"publish","type":"product","link":"https:\/\/kimlongmold.com\/en\/product\/khuon-mau-6\/","title":{"rendered":"Khu\u00f4n m\u1eabu 6"},"content":{"rendered":"<p>Khu\u00f4n m\u1eabu c\u01a1 kh\u00ed l\u00e0 c\u00f4ng c\u1ee5 kh\u00f4ng th\u1ec3 thi\u1ebfu trong ng\u00e0nh s\u1ea3n xu\u1ea5t, \u0111\u1eb7c bi\u1ec7t l\u00e0 trong c\u00e1c ng\u00e0nh c\u00f4ng nghi\u1ec7p \u0111\u00f2i h\u1ecfi \u0111\u1ed9 ch\u00ednh x\u00e1c cao v\u00e0 s\u1ea3n l\u01b0\u1ee3ng l\u1edbn.<\/p>","protected":false},"excerpt":{"rendered":"<p>Khu\u00f4n m\u1eabu c\u01a1 kh\u00ed l\u00e0 c\u00f4ng c\u1ee5 kh\u00f4ng th\u1ec3 thi\u1ebfu trong ng\u00e0nh s\u1ea3n xu\u1ea5t, \u0111\u1eb7c bi\u1ec7t l\u00e0 trong c\u00e1c ng\u00e0nh c\u00f4ng nghi\u1ec7p \u0111\u00f2i h\u1ecfi \u0111\u1ed9 ch\u00ednh x\u00e1c cao v\u00e0 s\u1ea3n l\u01b0\u1ee3ng l\u1edbn.<\/p>","protected":false},"featured_media":800,"comment_status":"open","ping_status":"closed","template":"","meta":[],"product_brand":[],"product_cat":[20],"product_tag":[],"class_list":{"0":"post-1006","1":"product","2":"type-product","3":"status-publish","4":"has-post-thumbnail","6":"product_cat-khuon-mau","8":"first","9":"instock","10":"shipping-taxable","11":"product-type-simple"},"_links":{"self":[{"href":"https:\/\/kimlongmold.com\/en\/wp-json\/wp\/v2\/product\/1006","targetHints":{"allow":["GET"]}}],"collection":[{"href":"https:\/\/kimlongmold.com\/en\/wp-json\/wp\/v2\/product"}],"about":[{"href":"https:\/\/kimlongmold.com\/en\/wp-json\/wp\/v2\/types\/product"}],"replies":[{"embeddable":true,"href":"https:\/\/kimlongmold.com\/en\/wp-json\/wp\/v2\/comments?post=1006"}],"wp:featuredmedia":[{"embeddable":true,"href":"https:\/\/kimlongmold.com\/en\/wp-json\/wp\/v2\/media\/800"}],"wp:attachment":[{"href":"https:\/\/kimlongmold.com\/en\/wp-json\/wp\/v2\/media?parent=1006"}],"wp:term":[{"taxonomy":"product_brand","embeddable":true,"href":"https:\/\/kimlongmold.com\/en\/wp-json\/wp\/v2\/product_brand?post=1006"},{"taxonomy":"product_cat","embeddable":true,"href":"https:\/\/kimlongmold.com\/en\/wp-json\/wp\/v2\/product_cat?post=1006"},{"taxonomy":"product_tag","embeddable":true,"href":"https:\/\/kimlongmold.com\/en\/wp-json\/wp\/v2\/product_tag?post=1006"}],"curies":[{"name":"wp","href":"https:\/\/api.w.org\/{rel}","templated":true}]}}