{"id":833,"date":"2024-11-01T11:15:36","date_gmt":"2024-11-01T04:15:36","guid":{"rendered":"https:\/\/kimlongmold.com\/?post_type=product&#038;p=833"},"modified":"2024-11-01T11:15:36","modified_gmt":"2024-11-01T04:15:36","slug":"san-pham-jig-3","status":"publish","type":"product","link":"https:\/\/kimlongmold.com\/en\/product\/san-pham-jig-3\/","title":{"rendered":"S\u1ea3n ph\u1ea9m Jig 3"},"content":{"rendered":"<p>Jig v\u00e0 g\u00e1 l\u00e0 hai kh\u00e1i ni\u1ec7m th\u01b0\u1eddng \u0111\u01b0\u1ee3c s\u1eed d\u1ee5ng trong ng\u00e0nh gia c\u00f4ng c\u01a1 kh\u00ed, \u0111\u1eb7c bi\u1ec7t l\u00e0 trong c\u00e1c quy tr\u00ecnh s\u1ea3n xu\u1ea5t h\u00e0ng lo\u1ea1t.<\/p>","protected":false},"excerpt":{"rendered":"<p>Jig v\u00e0 g\u00e1 l\u00e0 hai kh\u00e1i ni\u1ec7m th\u01b0\u1eddng \u0111\u01b0\u1ee3c s\u1eed d\u1ee5ng trong ng\u00e0nh gia c\u00f4ng c\u01a1 kh\u00ed, \u0111\u1eb7c bi\u1ec7t l\u00e0 trong c\u00e1c quy tr\u00ecnh s\u1ea3n xu\u1ea5t h\u00e0ng lo\u1ea1t.<\/p>","protected":false},"featured_media":820,"comment_status":"open","ping_status":"closed","template":"","meta":[],"product_brand":[],"product_cat":[20],"product_tag":[],"class_list":{"0":"post-833","1":"product","2":"type-product","3":"status-publish","4":"has-post-thumbnail","6":"product_cat-khuon-mau","8":"first","9":"instock","10":"shipping-taxable","11":"product-type-simple"},"_links":{"self":[{"href":"https:\/\/kimlongmold.com\/en\/wp-json\/wp\/v2\/product\/833","targetHints":{"allow":["GET"]}}],"collection":[{"href":"https:\/\/kimlongmold.com\/en\/wp-json\/wp\/v2\/product"}],"about":[{"href":"https:\/\/kimlongmold.com\/en\/wp-json\/wp\/v2\/types\/product"}],"replies":[{"embeddable":true,"href":"https:\/\/kimlongmold.com\/en\/wp-json\/wp\/v2\/comments?post=833"}],"wp:featuredmedia":[{"embeddable":true,"href":"https:\/\/kimlongmold.com\/en\/wp-json\/wp\/v2\/media\/820"}],"wp:attachment":[{"href":"https:\/\/kimlongmold.com\/en\/wp-json\/wp\/v2\/media?parent=833"}],"wp:term":[{"taxonomy":"product_brand","embeddable":true,"href":"https:\/\/kimlongmold.com\/en\/wp-json\/wp\/v2\/product_brand?post=833"},{"taxonomy":"product_cat","embeddable":true,"href":"https:\/\/kimlongmold.com\/en\/wp-json\/wp\/v2\/product_cat?post=833"},{"taxonomy":"product_tag","embeddable":true,"href":"https:\/\/kimlongmold.com\/en\/wp-json\/wp\/v2\/product_tag?post=833"}],"curies":[{"name":"wp","href":"https:\/\/api.w.org\/{rel}","templated":true}]}}